{"id":1814,"date":"2024-12-27T10:09:02","date_gmt":"2024-12-27T10:09:02","guid":{"rendered":"http:\/\/www.pinjaauer.com\/?page_id=1814"},"modified":"2025-11-27T12:09:10","modified_gmt":"2025-11-27T12:09:10","slug":"muuta","status":"publish","type":"page","link":"https:\/\/www.pinjaauer.com\/en\/muuta\/","title":{"rendered":"Other"},"content":{"rendered":"<div class=\"wp-block-uagb-container uagb-block-2db4f97c alignfull uagb-is-root-container\">\n<div class=\"wp-block-uagb-advanced-heading uagb-block-0133faff\"><h1 class=\"uagb-heading-text\">Other<\/h1><\/div>\n<\/div>\n\n\n\n<div class=\"wp-block-uagb-container uagb-block-03f4eb7e alignfull uagb-is-root-container\"><div class=\"uagb-container-inner-blocks-wrap\">\n<div class=\"wp-block-uagb-advanced-heading uagb-block-9816c583\"><h2 class=\"uagb-heading-text\">Published texts<\/h2><\/div>\n\n\n\n<p>A few blog posts that I have been involved in writing have been published in Laurea Journal. They are all in finnish.<\/p>\n\n\n\n<div class=\"wp-block-columns is-layout-flex wp-container-core-columns-is-layout-28f84493 wp-block-columns-is-layout-flex\">\n<div class=\"wp-block-column is-layout-flow wp-block-column-is-layout-flow\">\n<div class=\"wp-block-uagb-advanced-heading uagb-block-6a4b0f2d\"><h3 class=\"uagb-heading-text\">Digiohjaus: merkityksellist\u00e4 toimintaa sek\u00e4 ohjaajalle ett\u00e4 ohjattavalle<\/h3><\/div>\n\n\n\n<p>In the fall of 2023, I was at the Hakunila Library running a service called E-hetket on behalf of my studies, where once a week, five times in total, I personally helped people with the use of smartphones and laptops. During the guidance, I talked to many people in general about the difficulties of using modern technology and the digitalization of the world. Based on my experiences, I wrote an article for Laurea Journal.<\/p>\n\n\n\n<div class=\"wp-block-buttons is-layout-flex wp-block-buttons-is-layout-flex\">\n<div class=\"wp-block-button\"><a class=\"wp-block-button__link wp-element-button\" href=\"https:\/\/journal.laurea.fi\/digiohjaus-merkityksellista-toimintaa-seka-ohjaajalle-etta-ohjattavalle\/\" target=\"_blank\" rel=\"noreferrer noopener\">Read article (finnish)<\/a><\/div>\n<\/div>\n<\/div>\n\n\n\n<div class=\"wp-block-column is-layout-flow wp-block-column-is-layout-flow\">\n<div class=\"wp-block-uagb-advanced-heading uagb-block-bef190c0\"><h3 class=\"uagb-heading-text\">Opiskelijalta opiskelijalle \u2013 ProjektiTori-tapahtuman toteuttaminen ja kehitt\u00e4minen opiskelijaprojekteina<\/h3><\/div>\n\n\n\n<p>In spring 2023, as part of the Marketing Fundamentals study unit, we organized Laurea University of Applied Sciences' twice-yearly ProjektiTori event, where Laurea's key partners and other stakeholders can come to campus to present their activities to students, and students could potentially get information from them about internships, summer jobs, or thesis topics.<\/p>\n\n\n\n<p>In this article, I wrote about our organizing team's thoughts on organizing the event and collecting feedback.<\/p>\n\n\n\n<div class=\"wp-block-buttons is-layout-flex wp-block-buttons-is-layout-flex\">\n<div class=\"wp-block-button\"><a class=\"wp-block-button__link wp-element-button\" href=\"https:\/\/journal.laurea.fi\/opiskelijalta-opiskelijalle-projektitori-tapahtuman-toteuttaminen-ja-kehittaminen-opiskelijaprojekteina\/#30a03958\" target=\"_blank\" rel=\"noreferrer noopener\">Read article (finnish)<\/a><\/div>\n<\/div>\n<\/div>\n<\/div>\n<\/div><\/div>\n\n\n\n<div class=\"wp-block-uagb-container uagb-block-052d6401 alignfull uagb-is-root-container\"><div class=\"uagb-container-inner-blocks-wrap\">\n<div class=\"wp-block-uagb-advanced-heading uagb-block-9815814e\"><h2 class=\"uagb-heading-text\">Game Projects<\/h2><\/div>\n\n\n\n<p>I have participated in small scale game projects both in school and free time.<\/p>\n\n\n\n<div class=\"wp-block-columns is-layout-flex wp-container-core-columns-is-layout-28f84493 wp-block-columns-is-layout-flex\">\n<div class=\"wp-block-column is-layout-flow wp-block-column-is-layout-flow\">\n<figure class=\"wp-block-image size-full\"><img loading=\"lazy\" decoding=\"async\" width=\"1920\" height=\"1080\" src=\"https:\/\/www.pinjaauer.com\/wp-content\/uploads\/2024\/12\/bananasurfermain.png\" alt=\"\" class=\"wp-image-1885\" srcset=\"https:\/\/www.pinjaauer.com\/wp-content\/uploads\/2024\/12\/bananasurfermain.png 1920w, https:\/\/www.pinjaauer.com\/wp-content\/uploads\/2024\/12\/bananasurfermain-300x169.png 300w, https:\/\/www.pinjaauer.com\/wp-content\/uploads\/2024\/12\/bananasurfermain-1024x576.png 1024w, https:\/\/www.pinjaauer.com\/wp-content\/uploads\/2024\/12\/bananasurfermain-768x432.png 768w, https:\/\/www.pinjaauer.com\/wp-content\/uploads\/2024\/12\/bananasurfermain-1536x864.png 1536w\" sizes=\"auto, (max-width: 1920px) 100vw, 1920px\" \/><\/figure>\n\n\n\n<div class=\"wp-block-uagb-advanced-heading uagb-block-9285d768\"><h3 class=\"uagb-heading-text\">Banana Surfer<\/h3><\/div>\n\n\n\n<p>The final project of a game production course at Business College Helsinki from 2019. The player plays as a character named Mitch Mackenzie, who surfs on a giant rubber banana. The player's task is to collect flags to accumulate enough points to pass the level. At the same time, they must watch out for seagulls that take away life points.<\/p>\n\n\n\n<p>I made the game from start to finish myself using the Unity game engine using C#. All graphics are drawn by me.<\/p>\n\n\n\n<div class=\"wp-block-buttons is-layout-flex wp-block-buttons-is-layout-flex\">\n<div class=\"wp-block-button\"><a class=\"wp-block-button__link wp-element-button\" href=\"https:\/\/youtu.be\/xoGAIuxOsdw\" target=\"_blank\" rel=\"noreferrer noopener\">Demo Video<\/a><\/div>\n<\/div>\n<\/div>\n\n\n\n<div class=\"wp-block-column is-layout-flow wp-block-column-is-layout-flow\">\n<figure class=\"wp-block-image size-full\"><img loading=\"lazy\" decoding=\"async\" width=\"640\" height=\"512\" src=\"https:\/\/www.pinjaauer.com\/wp-content\/uploads\/2024\/12\/bloodanddoubt_cover.png\" alt=\"\" class=\"wp-image-1889\" style=\"aspect-ratio:16\/9;object-fit:cover\" srcset=\"https:\/\/www.pinjaauer.com\/wp-content\/uploads\/2024\/12\/bloodanddoubt_cover.png 640w, https:\/\/www.pinjaauer.com\/wp-content\/uploads\/2024\/12\/bloodanddoubt_cover-300x240.png 300w\" sizes=\"auto, (max-width: 640px) 100vw, 640px\" \/><\/figure>\n\n\n\n<div class=\"wp-block-uagb-advanced-heading uagb-block-67695fa8\"><h3 class=\"uagb-heading-text\">Blood And Doubt<\/h3><\/div>\n\n\n\n<p>Three of my friends and I participated in a game jam called Ludum Dare in 2019. The theme of the event was \u201cYour Life Is Currency,\u201d so we created a game where the player\u2019s life bar depletes every time they move their character, and they have to stop occasionally to regain their life. There are several brutal traps in the fields, which if hit will send the player back to the beginning of the field. The game is completed when all three fields have been walked to the end.<\/p>\n\n\n\n<p>I created the character design and animations + the logo and user interface graphics for this game.<\/p>\n\n\n\n<div class=\"wp-block-buttons is-layout-flex wp-block-buttons-is-layout-flex\">\n<div class=\"wp-block-button\"><a class=\"wp-block-button__link wp-element-button\" href=\"https:\/\/youtu.be\/YCsH87akiyU\" target=\"_blank\" rel=\"noreferrer noopener\">Demo Video<\/a><\/div>\n<\/div>\n<\/div>\n\n\n\n<div class=\"wp-block-column is-layout-flow wp-block-column-is-layout-flow\">\n<figure class=\"wp-block-image size-large\"><img loading=\"lazy\" decoding=\"async\" width=\"1024\" height=\"576\" src=\"http:\/\/www.pinjaauer.com\/wp-content\/uploads\/2024\/12\/alakajamkuva2-1024x576.png\" alt=\"\" class=\"wp-image-1886\" srcset=\"https:\/\/www.pinjaauer.com\/wp-content\/uploads\/2024\/12\/alakajamkuva2-1024x576.png 1024w, https:\/\/www.pinjaauer.com\/wp-content\/uploads\/2024\/12\/alakajamkuva2-300x169.png 300w, https:\/\/www.pinjaauer.com\/wp-content\/uploads\/2024\/12\/alakajamkuva2-768x432.png 768w, https:\/\/www.pinjaauer.com\/wp-content\/uploads\/2024\/12\/alakajamkuva2.png 1280w\" sizes=\"auto, (max-width: 1024px) 100vw, 1024px\" \/><\/figure>\n\n\n\n<div class=\"wp-block-uagb-advanced-heading uagb-block-0466ce1d\"><h3 class=\"uagb-heading-text\">Treasure in the Depths<\/h3><\/div>\n\n\n\n<p>Three of my friends and I participated in a Game Jam event called Alakajam in 2020, and the theme was voted \u201cDepth\u201d. We created a game where the player is inside a diving bell that has fallen off a ship and is diving into the depths. They have to watch out for sea mines and sea monsters, or shoot them with a harpoon. The game ends when the player reaches the bottom and finds \u201ctreasure\u201d.<\/p>\n\n\n\n<p>I made almost all the graphics for this game, except for the logo and the user interface.<\/p>\n\n\n\n<div class=\"wp-block-buttons is-layout-flex wp-block-buttons-is-layout-flex\">\n<div class=\"wp-block-button\"><a class=\"wp-block-button__link wp-element-button\" href=\"https:\/\/www.youtube.com\/watch?v=gvq-_v6I6js\" target=\"_blank\" rel=\"noreferrer noopener\">Demo Video<\/a><\/div>\n<\/div>\n<\/div>\n<\/div>\n<\/div><\/div>","protected":false},"excerpt":{"rendered":"<p>Muuta Julkaisut Laurea Journaliin on julkaistu muutamia blogikirjoituksia, joiden kirjoittamisessa olen ollut mukana. Digiohjaus: merkityksellist\u00e4 toimintaa sek\u00e4 ohjaajalle ett\u00e4 ohjattavalle Olin syksyll\u00e4 2023 opiskelujeni puolesta Hakunilan kirjastossa pit\u00e4m\u00e4ss\u00e4 E-hetket -nimist\u00e4 palvelua, jossa kerran viikossa, yhteens\u00e4 viisi kertaa, k\u00e4vin henkil\u00f6kohtaisesti auttamassa ihmisi\u00e4 \u00e4lypuhelimien ja l\u00e4pp\u00e4rien k\u00e4yt\u00f6ss\u00e4. Opastuksen ohessa juttelin monen kanssa yleisesti nykyteknologian k\u00e4yt\u00f6n vaikeudesta ja [&hellip;]<\/p>\n","protected":false},"author":1,"featured_media":0,"parent":0,"menu_order":0,"comment_status":"closed","ping_status":"closed","template":"","meta":{"_uag_custom_page_level_css":"","site-sidebar-layout":"default","site-content-layout":"","ast-site-content-layout":"default","site-content-style":"default","site-sidebar-style":"default","ast-global-header-display":"","ast-banner-title-visibility":"","ast-main-header-display":"","ast-hfb-above-header-display":"","ast-hfb-below-header-display":"","ast-hfb-mobile-header-display":"","site-post-title":"disabled","ast-breadcrumbs-content":"","ast-featured-img":"","footer-sml-layout":"","ast-disable-related-posts":"","theme-transparent-header-meta":"","adv-header-id-meta":"","stick-header-meta":"","header-above-stick-meta":"","header-main-stick-meta":"","header-below-stick-meta":"","astra-migrate-meta-layouts":"set","ast-page-background-enabled":"default","ast-page-background-meta":{"desktop":{"background-color":"","background-image":"","background-repeat":"repeat","background-position":"center center","background-size":"auto","background-attachment":"scroll","background-type":"","background-media":"","overlay-type":"","overlay-color":"","overlay-opacity":"","overlay-gradient":""},"tablet":{"background-color":"","background-image":"","background-repeat":"repeat","background-position":"center center","background-size":"auto","background-attachment":"scroll","background-type":"","background-media":"","overlay-type":"","overlay-color":"","overlay-opacity":"","overlay-gradient":""},"mobile":{"background-color":"","background-image":"","background-repeat":"repeat","background-position":"center center","background-size":"auto","background-attachment":"scroll","background-type":"","background-media":"","overlay-type":"","overlay-color":"","overlay-opacity":"","overlay-gradient":""}},"ast-content-background-meta":{"desktop":{"background-color":"var(--ast-global-color-5)","background-image":"","background-repeat":"repeat","background-position":"center center","background-size":"auto","background-attachment":"scroll","background-type":"","background-media":"","overlay-type":"","overlay-color":"","overlay-opacity":"","overlay-gradient":""},"tablet":{"background-color":"var(--ast-global-color-5)","background-image":"","background-repeat":"repeat","background-position":"center center","background-size":"auto","background-attachment":"scroll","background-type":"","background-media":"","overlay-type":"","overlay-color":"","overlay-opacity":"","overlay-gradient":""},"mobile":{"background-color":"var(--ast-global-color-5)","background-image":"","background-repeat":"repeat","background-position":"center center","background-size":"auto","background-attachment":"scroll","background-type":"","background-media":"","overlay-type":"","overlay-color":"","overlay-opacity":"","overlay-gradient":""}},"footnotes":""},"class_list":["post-1814","page","type-page","status-publish","hentry"],"uagb_featured_image_src":{"full":false,"thumbnail":false,"medium":false,"medium_large":false,"large":false,"1536x1536":false,"2048x2048":false,"trp-custom-language-flag":false},"uagb_author_info":{"display_name":"admin","author_link":"https:\/\/www.pinjaauer.com\/en\/author\/admin\/"},"uagb_comment_info":0,"uagb_excerpt":"Muuta Julkaisut Laurea Journaliin on julkaistu muutamia blogikirjoituksia, joiden kirjoittamisessa olen ollut mukana. Digiohjaus: merkityksellist\u00e4 toimintaa sek\u00e4 ohjaajalle ett\u00e4 ohjattavalle Olin syksyll\u00e4 2023 opiskelujeni puolesta Hakunilan kirjastossa pit\u00e4m\u00e4ss\u00e4 E-hetket -nimist\u00e4 palvelua, jossa kerran viikossa, yhteens\u00e4 viisi kertaa, k\u00e4vin henkil\u00f6kohtaisesti auttamassa ihmisi\u00e4 \u00e4lypuhelimien ja l\u00e4pp\u00e4rien k\u00e4yt\u00f6ss\u00e4. Opastuksen ohessa juttelin monen kanssa yleisesti nykyteknologian k\u00e4yt\u00f6n vaikeudesta ja&hellip;","_links":{"self":[{"href":"https:\/\/www.pinjaauer.com\/en\/wp-json\/wp\/v2\/pages\/1814","targetHints":{"allow":["GET"]}}],"collection":[{"href":"https:\/\/www.pinjaauer.com\/en\/wp-json\/wp\/v2\/pages"}],"about":[{"href":"https:\/\/www.pinjaauer.com\/en\/wp-json\/wp\/v2\/types\/page"}],"author":[{"embeddable":true,"href":"https:\/\/www.pinjaauer.com\/en\/wp-json\/wp\/v2\/users\/1"}],"replies":[{"embeddable":true,"href":"https:\/\/www.pinjaauer.com\/en\/wp-json\/wp\/v2\/comments?post=1814"}],"version-history":[{"count":12,"href":"https:\/\/www.pinjaauer.com\/en\/wp-json\/wp\/v2\/pages\/1814\/revisions"}],"predecessor-version":[{"id":2107,"href":"https:\/\/www.pinjaauer.com\/en\/wp-json\/wp\/v2\/pages\/1814\/revisions\/2107"}],"wp:attachment":[{"href":"https:\/\/www.pinjaauer.com\/en\/wp-json\/wp\/v2\/media?parent=1814"}],"curies":[{"name":"wp","href":"https:\/\/api.w.org\/{rel}","templated":true}]}}