{"id":1683,"date":"2024-12-22T18:30:04","date_gmt":"2024-12-22T18:30:04","guid":{"rendered":"https:\/\/www.pinjaauer.com\/?page_id=1683"},"modified":"2025-01-26T19:01:07","modified_gmt":"2025-01-26T19:01:07","slug":"helpot-kotisivut-oy","status":"publish","type":"page","link":"https:\/\/www.pinjaauer.com\/en\/helpot-kotisivut-oy\/","title":{"rendered":"Helpot Kotisivut Oy"},"content":{"rendered":"<div class=\"wp-block-uagb-container uagb-block-2db4f97c alignfull uagb-is-root-container\">\n<div class=\"wp-block-uagb-advanced-heading uagb-block-0133faff\"><h1 class=\"uagb-heading-text\">Helpot Kotisivut Oy<\/h1><\/div>\n<\/div>\n\n\n\n<div class=\"wp-block-uagb-container uagb-block-03f4eb7e alignfull uagb-is-root-container\"><div class=\"uagb-container-inner-blocks-wrap\">\n<div class=\"wp-block-uagb-advanced-heading uagb-block-9816c583\"><h2 class=\"uagb-heading-text\">Websites for business clients<\/h2><\/div>\n\n\n\n<p>While studying at Business College, I completed my internship at a company called Helpot Kotisivut Oy, where I got to design and build websites for corporate clients using WordPress and Elementor.<\/p>\n\n\n\n<p><em>\"Pinja worked as an intern as a website designer and developer. Pinja also did other website-related work assigned to her. Pinja performed her duties well and I can recommend her for similar tasks in the future.\"<\/em><br>&#8211; Leo S\u00e4vel, Helsinki 14.1.2020<\/p>\n\n\n\n<figure class=\"wp-block-gallery has-nested-images columns-1 is-cropped wp-block-gallery-1 is-layout-flex wp-block-gallery-is-layout-flex\" style=\"border-style:none;border-width:0px\">\n<figure class=\"wp-block-image size-large has-custom-border\"><a href=\"https:\/\/syoteigloos.fi\" target=\"_blank\" rel=\" noreferrer noopener\"><img loading=\"lazy\" decoding=\"async\" width=\"1024\" height=\"504\" data-id=\"1617\" src=\"https:\/\/www.pinjaauer.com\/wp-content\/uploads\/2024\/12\/syote-1024x504.jpg\" alt=\"\" class=\"wp-image-1617\" style=\"border-width:1px\" srcset=\"https:\/\/www.pinjaauer.com\/wp-content\/uploads\/2024\/12\/syote-1024x504.jpg 1024w, https:\/\/www.pinjaauer.com\/wp-content\/uploads\/2024\/12\/syote-300x148.jpg 300w, https:\/\/www.pinjaauer.com\/wp-content\/uploads\/2024\/12\/syote-768x378.jpg 768w, https:\/\/www.pinjaauer.com\/wp-content\/uploads\/2024\/12\/syote-1536x756.jpg 1536w, https:\/\/www.pinjaauer.com\/wp-content\/uploads\/2024\/12\/syote.jpg 1901w\" sizes=\"auto, (max-width: 1024px) 100vw, 1024px\" \/><\/a><figcaption class=\"wp-element-caption\"><a href=\"https:\/\/syoteigloos.fi\" data-type=\"link\" data-id=\"https:\/\/syoteigloos.fi\"><strong>Sy\u00f6te Igloos<\/strong><\/a><\/figcaption><\/figure>\n\n\n\n<figure class=\"wp-block-image size-large has-custom-border\"><a href=\"https:\/\/jmustaparta.fi\" target=\"_blank\" rel=\" noreferrer noopener\"><img loading=\"lazy\" decoding=\"async\" width=\"1024\" height=\"504\" data-id=\"1614\" src=\"https:\/\/www.pinjaauer.com\/wp-content\/uploads\/2024\/12\/jmustaparta-1024x504.png\" alt=\"\" class=\"wp-image-1614\" style=\"border-width:1px\" srcset=\"https:\/\/www.pinjaauer.com\/wp-content\/uploads\/2024\/12\/jmustaparta-1024x504.png 1024w, https:\/\/www.pinjaauer.com\/wp-content\/uploads\/2024\/12\/jmustaparta-300x148.png 300w, https:\/\/www.pinjaauer.com\/wp-content\/uploads\/2024\/12\/jmustaparta-768x378.png 768w, https:\/\/www.pinjaauer.com\/wp-content\/uploads\/2024\/12\/jmustaparta-1536x756.png 1536w, https:\/\/www.pinjaauer.com\/wp-content\/uploads\/2024\/12\/jmustaparta.png 1901w\" sizes=\"auto, (max-width: 1024px) 100vw, 1024px\" \/><\/a><figcaption class=\"wp-element-caption\"><a href=\"https:\/\/jmustaparta.fi\" data-type=\"link\" data-id=\"https:\/\/jmustaparta.fi\"><strong>J. Mustaparta<\/strong><\/a><\/figcaption><\/figure>\n\n\n\n<figure class=\"wp-block-image size-large has-custom-border\"><img loading=\"lazy\" decoding=\"async\" width=\"1024\" height=\"504\" data-id=\"1618\" src=\"https:\/\/www.pinjaauer.com\/wp-content\/uploads\/2024\/12\/tpkivi-1024x504.jpg\" alt=\"\" class=\"wp-image-1618\" style=\"border-width:1px\" srcset=\"https:\/\/www.pinjaauer.com\/wp-content\/uploads\/2024\/12\/tpkivi-1024x504.jpg 1024w, https:\/\/www.pinjaauer.com\/wp-content\/uploads\/2024\/12\/tpkivi-300x148.jpg 300w, https:\/\/www.pinjaauer.com\/wp-content\/uploads\/2024\/12\/tpkivi-768x378.jpg 768w, https:\/\/www.pinjaauer.com\/wp-content\/uploads\/2024\/12\/tpkivi-1536x756.jpg 1536w, https:\/\/www.pinjaauer.com\/wp-content\/uploads\/2024\/12\/tpkivi.jpg 1903w\" sizes=\"auto, (max-width: 1024px) 100vw, 1024px\" \/><figcaption class=\"wp-element-caption\">TP Kivi<\/figcaption><\/figure>\n\n\n\n<figure class=\"wp-block-image size-large has-custom-border\"><img loading=\"lazy\" decoding=\"async\" width=\"1024\" height=\"506\" data-id=\"1616\" src=\"https:\/\/www.pinjaauer.com\/wp-content\/uploads\/2024\/12\/saaga-1024x506.jpg\" alt=\"\" class=\"wp-image-1616\" style=\"border-width:1px\" srcset=\"https:\/\/www.pinjaauer.com\/wp-content\/uploads\/2024\/12\/saaga-1024x506.jpg 1024w, https:\/\/www.pinjaauer.com\/wp-content\/uploads\/2024\/12\/saaga-300x148.jpg 300w, https:\/\/www.pinjaauer.com\/wp-content\/uploads\/2024\/12\/saaga-768x379.jpg 768w, https:\/\/www.pinjaauer.com\/wp-content\/uploads\/2024\/12\/saaga-1536x758.jpg 1536w, https:\/\/www.pinjaauer.com\/wp-content\/uploads\/2024\/12\/saaga.jpg 1902w\" sizes=\"auto, (max-width: 1024px) 100vw, 1024px\" \/><figcaption class=\"wp-element-caption\">Saaga Apartments<\/figcaption><\/figure>\n\n\n\n<figure class=\"wp-block-image size-large has-custom-border\"><img loading=\"lazy\" decoding=\"async\" width=\"1024\" height=\"504\" data-id=\"1615\" src=\"https:\/\/www.pinjaauer.com\/wp-content\/uploads\/2024\/12\/reccon-1024x504.jpg\" alt=\"\" class=\"wp-image-1615\" style=\"border-width:1px\" srcset=\"https:\/\/www.pinjaauer.com\/wp-content\/uploads\/2024\/12\/reccon-1024x504.jpg 1024w, https:\/\/www.pinjaauer.com\/wp-content\/uploads\/2024\/12\/reccon-300x148.jpg 300w, https:\/\/www.pinjaauer.com\/wp-content\/uploads\/2024\/12\/reccon-768x378.jpg 768w, https:\/\/www.pinjaauer.com\/wp-content\/uploads\/2024\/12\/reccon-1536x756.jpg 1536w, https:\/\/www.pinjaauer.com\/wp-content\/uploads\/2024\/12\/reccon.jpg 1905w\" sizes=\"auto, (max-width: 1024px) 100vw, 1024px\" \/><figcaption class=\"wp-element-caption\">Reccon88<\/figcaption><\/figure>\n\n\n\n<figure class=\"wp-block-image size-large has-custom-border\"><img loading=\"lazy\" decoding=\"async\" width=\"1024\" height=\"502\" data-id=\"1613\" src=\"https:\/\/www.pinjaauer.com\/wp-content\/uploads\/2024\/12\/finnday-1024x502.jpg\" alt=\"\" class=\"wp-image-1613\" style=\"border-width:1px\" srcset=\"https:\/\/www.pinjaauer.com\/wp-content\/uploads\/2024\/12\/finnday-1024x502.jpg 1024w, https:\/\/www.pinjaauer.com\/wp-content\/uploads\/2024\/12\/finnday-300x147.jpg 300w, https:\/\/www.pinjaauer.com\/wp-content\/uploads\/2024\/12\/finnday-768x376.jpg 768w, https:\/\/www.pinjaauer.com\/wp-content\/uploads\/2024\/12\/finnday-1536x753.jpg 1536w, https:\/\/www.pinjaauer.com\/wp-content\/uploads\/2024\/12\/finnday.jpg 1902w\" sizes=\"auto, (max-width: 1024px) 100vw, 1024px\" \/><figcaption class=\"wp-element-caption\">Finnday<\/figcaption><\/figure>\n<\/figure>\n<\/div><\/div>","protected":false},"excerpt":{"rendered":"<p>Helpot Kotisivut Oy Verkkosivuja yritysasiakkaille Kun opiskelin Business Collegessa, suoritin harjoitteluni yrityksess\u00e4 nimelt\u00e4 Helpot Kotisivut Oy, jossa p\u00e4\u00e4sin suunnittelemaan ja rakentamaan verkkosivuja yritysasiakkaille WordPressill\u00e4 ja Elementorilla. &#8221;Pinja toimi ty\u00f6harjoittelijana verkkosivujen suunnittelijana ja toteuttajana. Pinja teki my\u00f6s muita h\u00e4nelle osoitettuja verkkosivuihin liittyvi\u00e4 t\u00f6it\u00e4. Pinja suoriutui teht\u00e4vist\u00e4\u00e4n hyvin ja voin suositella h\u00e4nt\u00e4 vastaavanlaisiin teht\u00e4viin my\u00f6s jatkossa.&#8221;&#8211; Leo [&hellip;]<\/p>\n","protected":false},"author":1,"featured_media":0,"parent":0,"menu_order":0,"comment_status":"closed","ping_status":"closed","template":"","meta":{"_uag_custom_page_level_css":"","site-sidebar-layout":"default","site-content-layout":"","ast-site-content-layout":"default","site-content-style":"default","site-sidebar-style":"default","ast-global-header-display":"","ast-banner-title-visibility":"","ast-main-header-display":"","ast-hfb-above-header-display":"","ast-hfb-below-header-display":"","ast-hfb-mobile-header-display":"","site-post-title":"disabled","ast-breadcrumbs-content":"","ast-featured-img":"","footer-sml-layout":"","ast-disable-related-posts":"","theme-transparent-header-meta":"","adv-header-id-meta":"","stick-header-meta":"","header-above-stick-meta":"","header-main-stick-meta":"","header-below-stick-meta":"","astra-migrate-meta-layouts":"set","ast-page-background-enabled":"default","ast-page-background-meta":{"desktop":{"background-color":"","background-image":"","background-repeat":"repeat","background-position":"center center","background-size":"auto","background-attachment":"scroll","background-type":"","background-media":"","overlay-type":"","overlay-color":"","overlay-opacity":"","overlay-gradient":""},"tablet":{"background-color":"","background-image":"","background-repeat":"repeat","background-position":"center center","background-size":"auto","background-attachment":"scroll","background-type":"","background-media":"","overlay-type":"","overlay-color":"","overlay-opacity":"","overlay-gradient":""},"mobile":{"background-color":"","background-image":"","background-repeat":"repeat","background-position":"center center","background-size":"auto","background-attachment":"scroll","background-type":"","background-media":"","overlay-type":"","overlay-color":"","overlay-opacity":"","overlay-gradient":""}},"ast-content-background-meta":{"desktop":{"background-color":"var(--ast-global-color-5)","background-image":"","background-repeat":"repeat","background-position":"center center","background-size":"auto","background-attachment":"scroll","background-type":"","background-media":"","overlay-type":"","overlay-color":"","overlay-opacity":"","overlay-gradient":""},"tablet":{"background-color":"var(--ast-global-color-5)","background-image":"","background-repeat":"repeat","background-position":"center center","background-size":"auto","background-attachment":"scroll","background-type":"","background-media":"","overlay-type":"","overlay-color":"","overlay-opacity":"","overlay-gradient":""},"mobile":{"background-color":"var(--ast-global-color-5)","background-image":"","background-repeat":"repeat","background-position":"center center","background-size":"auto","background-attachment":"scroll","background-type":"","background-media":"","overlay-type":"","overlay-color":"","overlay-opacity":"","overlay-gradient":""}},"footnotes":""},"class_list":["post-1683","page","type-page","status-publish","hentry"],"uagb_featured_image_src":{"full":false,"thumbnail":false,"medium":false,"medium_large":false,"large":false,"1536x1536":false,"2048x2048":false,"trp-custom-language-flag":false},"uagb_author_info":{"display_name":"admin","author_link":"https:\/\/www.pinjaauer.com\/en\/author\/admin\/"},"uagb_comment_info":0,"uagb_excerpt":"Helpot Kotisivut Oy Verkkosivuja yritysasiakkaille Kun opiskelin Business Collegessa, suoritin harjoitteluni yrityksess\u00e4 nimelt\u00e4 Helpot Kotisivut Oy, jossa p\u00e4\u00e4sin suunnittelemaan ja rakentamaan verkkosivuja yritysasiakkaille WordPressill\u00e4 ja Elementorilla. &#8221;Pinja toimi ty\u00f6harjoittelijana verkkosivujen suunnittelijana ja toteuttajana. Pinja teki my\u00f6s muita h\u00e4nelle osoitettuja verkkosivuihin liittyvi\u00e4 t\u00f6it\u00e4. Pinja suoriutui teht\u00e4vist\u00e4\u00e4n hyvin ja voin suositella h\u00e4nt\u00e4 vastaavanlaisiin teht\u00e4viin my\u00f6s jatkossa.&#8221;&#8211; Leo&hellip;","_links":{"self":[{"href":"https:\/\/www.pinjaauer.com\/en\/wp-json\/wp\/v2\/pages\/1683","targetHints":{"allow":["GET"]}}],"collection":[{"href":"https:\/\/www.pinjaauer.com\/en\/wp-json\/wp\/v2\/pages"}],"about":[{"href":"https:\/\/www.pinjaauer.com\/en\/wp-json\/wp\/v2\/types\/page"}],"author":[{"embeddable":true,"href":"https:\/\/www.pinjaauer.com\/en\/wp-json\/wp\/v2\/users\/1"}],"replies":[{"embeddable":true,"href":"https:\/\/www.pinjaauer.com\/en\/wp-json\/wp\/v2\/comments?post=1683"}],"version-history":[{"count":16,"href":"https:\/\/www.pinjaauer.com\/en\/wp-json\/wp\/v2\/pages\/1683\/revisions"}],"predecessor-version":[{"id":2016,"href":"https:\/\/www.pinjaauer.com\/en\/wp-json\/wp\/v2\/pages\/1683\/revisions\/2016"}],"wp:attachment":[{"href":"https:\/\/www.pinjaauer.com\/en\/wp-json\/wp\/v2\/media?parent=1683"}],"curies":[{"name":"wp","href":"https:\/\/api.w.org\/{rel}","templated":true}]}}