{"id":1681,"date":"2024-12-22T18:29:55","date_gmt":"2024-12-22T18:29:55","guid":{"rendered":"https:\/\/www.pinjaauer.com\/?page_id=1681"},"modified":"2024-12-28T20:47:14","modified_gmt":"2024-12-28T20:47:14","slug":"sattva-projects-oy","status":"publish","type":"page","link":"https:\/\/www.pinjaauer.com\/en\/sattva-projects-oy\/","title":{"rendered":"Sattva Projects Oy"},"content":{"rendered":"<div class=\"wp-block-uagb-container uagb-block-2db4f97c alignfull uagb-is-root-container\">\n<div class=\"wp-block-uagb-advanced-heading uagb-block-0133faff\"><h1 class=\"uagb-heading-text\">Sattva Projects Oy<\/h1><\/div>\n<\/div>\n\n\n\n<div class=\"wp-block-uagb-container uagb-block-03f4eb7e alignfull uagb-is-root-container\"><div class=\"uagb-container-inner-blocks-wrap\">\n<div class=\"wp-block-uagb-advanced-heading uagb-block-9816c583\"><h2 class=\"uagb-heading-text\">Website redesign project<\/h2><\/div>\n\n\n\n<p>Sattva Projects Oy is a company that provides project management services related to energy production, mining, industrial and infrastructure projects. The company already had a website, but it needed a revamp. This project was offered in the Implementation of Media Elements and Design study unit at Laurea University of Applied Sciences in autumn 2024, and me and two other students decided to take it.<\/p>\n\n\n\n<p>The new website was built on WordPress, and all edits were made using WordPress' own Gutenberg editor. The site's structure was based on a theme from Astra, and the client provided a lot of content that needed to be included in the new site. Plugins were installed on the site for language switching, cookies, analytics, a FAQ section, and search engine optimization.<\/p>\n\n\n\n<p>My part in building the site was modifying the theme to suit the client's wishes and needs, as well as general quality assurance of the site. I also handled most of the add-on installations and creating external logos. The new site was approximately 70% complete during the fall course, due to scheduling challenges for both the client and the creators. Instructions for the continuation have been created for the next students who take on this project. Both the teacher and the client were satisfied with what our team achieved. <\/p>\n\n\n\n<p>The finished site has not been published yet, but below is a comparison of the old and new homepage, and a few screenshots of the new site.<\/p>\n\n\n\n<div class=\"wp-block-columns is-layout-flex wp-container-core-columns-is-layout-28f84493 wp-block-columns-is-layout-flex\">\n<div class=\"wp-block-column is-layout-flow wp-block-column-is-layout-flow\">\n<div data-wp-interactive=\"core\/file\" class=\"wp-block-file has-ast-global-color-4-background-color has-background\" style=\"padding-top:var(--wp--preset--spacing--30);padding-right:var(--wp--preset--spacing--30);padding-bottom:var(--wp--preset--spacing--30);padding-left:var(--wp--preset--spacing--30)\"><object data-wp-bind--hidden=\"!state.hasPdfPreview\" hidden class=\"wp-block-file__embed\" data=\"https:\/\/www.pinjaauer.com\/wp-content\/uploads\/2024\/12\/SattvaProjects-Oy-\u2022.pdf\" type=\"application\/pdf\" style=\"width:100%;height:600px\" aria-label=\"Embed of Sattva Projects Oy - Vanha etusivu.\"><\/object><a id=\"wp-block-file--media-c723cb24-bbe3-450d-aa65-41c881926f27\" href=\"https:\/\/www.pinjaauer.com\/wp-content\/uploads\/2024\/12\/SattvaProjects-Oy-\u2022.pdf\" target=\"_blank\" rel=\"noreferrer noopener\">Sattva Projects Oy &#8211; Vanha etusivu<\/a><a href=\"https:\/\/www.pinjaauer.com\/wp-content\/uploads\/2024\/12\/SattvaProjects-Oy-\u2022.pdf\" class=\"wp-block-file__button wp-element-button\" download aria-describedby=\"wp-block-file--media-c723cb24-bbe3-450d-aa65-41c881926f27\">Lataa<\/a><\/div>\n<\/div>\n\n\n\n<div class=\"wp-block-column is-layout-flow wp-block-column-is-layout-flow\">\n<div data-wp-interactive=\"core\/file\" class=\"wp-block-file has-ast-global-color-4-background-color has-background\" style=\"padding-top:var(--wp--preset--spacing--30);padding-right:var(--wp--preset--spacing--30);padding-bottom:var(--wp--preset--spacing--30);padding-left:var(--wp--preset--spacing--30)\"><object data-wp-bind--hidden=\"!state.hasPdfPreview\" hidden class=\"wp-block-file__embed\" data=\"https:\/\/www.pinjaauer.com\/wp-content\/uploads\/2024\/12\/Home-Sattva-Projects-Oy.pdf\" type=\"application\/pdf\" style=\"width:100%;height:600px\" aria-label=\"Embed of Sattva Projects Oy - Uusi etusivu.\"><\/object><a id=\"wp-block-file--media-37bc9bc5-b9c1-473e-8374-273a9463696f\" href=\"https:\/\/www.pinjaauer.com\/wp-content\/uploads\/2024\/12\/Home-Sattva-Projects-Oy.pdf\" target=\"_blank\" rel=\"noreferrer noopener\">Sattva Projects Oy &#8211; Uusi etusivu<\/a><a href=\"https:\/\/www.pinjaauer.com\/wp-content\/uploads\/2024\/12\/Home-Sattva-Projects-Oy.pdf\" class=\"wp-block-file__button wp-element-button\" download aria-describedby=\"wp-block-file--media-37bc9bc5-b9c1-473e-8374-273a9463696f\">Lataa<\/a><\/div>\n<\/div>\n<\/div>\n\n\n\n<figure class=\"wp-block-gallery has-nested-images columns-1 is-cropped wp-block-gallery-1 is-layout-flex wp-block-gallery-is-layout-flex\">\n<figure class=\"wp-block-image size-large has-custom-border\"><img loading=\"lazy\" decoding=\"async\" width=\"1024\" height=\"530\" data-id=\"1904\" src=\"https:\/\/www.pinjaauer.com\/wp-content\/uploads\/2024\/12\/097032753a310af658e651af9a8623d5-1024x530.jpg\" alt=\"\" class=\"wp-image-1904\" style=\"border-width:1px\" srcset=\"https:\/\/www.pinjaauer.com\/wp-content\/uploads\/2024\/12\/097032753a310af658e651af9a8623d5-1024x530.jpg 1024w, https:\/\/www.pinjaauer.com\/wp-content\/uploads\/2024\/12\/097032753a310af658e651af9a8623d5-300x155.jpg 300w, https:\/\/www.pinjaauer.com\/wp-content\/uploads\/2024\/12\/097032753a310af658e651af9a8623d5-768x397.jpg 768w, https:\/\/www.pinjaauer.com\/wp-content\/uploads\/2024\/12\/097032753a310af658e651af9a8623d5-1536x794.jpg 1536w, https:\/\/www.pinjaauer.com\/wp-content\/uploads\/2024\/12\/097032753a310af658e651af9a8623d5-2048x1059.jpg 2048w\" sizes=\"auto, (max-width: 1024px) 100vw, 1024px\" \/><\/figure>\n\n\n\n<figure class=\"wp-block-image size-large has-custom-border\"><img loading=\"lazy\" decoding=\"async\" width=\"1024\" height=\"528\" data-id=\"1902\" src=\"https:\/\/www.pinjaauer.com\/wp-content\/uploads\/2024\/12\/sattva1-1024x528.jpg\" alt=\"\" class=\"wp-image-1902\" style=\"border-width:1px\" srcset=\"https:\/\/www.pinjaauer.com\/wp-content\/uploads\/2024\/12\/sattva1-1024x528.jpg 1024w, https:\/\/www.pinjaauer.com\/wp-content\/uploads\/2024\/12\/sattva1-300x155.jpg 300w, https:\/\/www.pinjaauer.com\/wp-content\/uploads\/2024\/12\/sattva1-768x396.jpg 768w, https:\/\/www.pinjaauer.com\/wp-content\/uploads\/2024\/12\/sattva1-1536x791.jpg 1536w, https:\/\/www.pinjaauer.com\/wp-content\/uploads\/2024\/12\/sattva1-2048x1055.jpg 2048w\" sizes=\"auto, (max-width: 1024px) 100vw, 1024px\" \/><\/figure>\n\n\n\n<figure class=\"wp-block-image size-large has-custom-border\"><img loading=\"lazy\" decoding=\"async\" width=\"1024\" height=\"529\" data-id=\"1901\" src=\"https:\/\/www.pinjaauer.com\/wp-content\/uploads\/2024\/12\/7ac03a06e9ed10944915467832a0c3cf-1024x529.jpg\" alt=\"\" class=\"wp-image-1901\" style=\"border-width:1px\" srcset=\"https:\/\/www.pinjaauer.com\/wp-content\/uploads\/2024\/12\/7ac03a06e9ed10944915467832a0c3cf-1024x529.jpg 1024w, https:\/\/www.pinjaauer.com\/wp-content\/uploads\/2024\/12\/7ac03a06e9ed10944915467832a0c3cf-300x155.jpg 300w, https:\/\/www.pinjaauer.com\/wp-content\/uploads\/2024\/12\/7ac03a06e9ed10944915467832a0c3cf-768x397.jpg 768w, https:\/\/www.pinjaauer.com\/wp-content\/uploads\/2024\/12\/7ac03a06e9ed10944915467832a0c3cf-1536x794.jpg 1536w, https:\/\/www.pinjaauer.com\/wp-content\/uploads\/2024\/12\/7ac03a06e9ed10944915467832a0c3cf-2048x1058.jpg 2048w\" sizes=\"auto, (max-width: 1024px) 100vw, 1024px\" \/><\/figure>\n\n\n\n<figure class=\"wp-block-image size-large has-custom-border\"><img loading=\"lazy\" decoding=\"async\" width=\"1024\" height=\"530\" data-id=\"1903\" src=\"https:\/\/www.pinjaauer.com\/wp-content\/uploads\/2024\/12\/ee1d49e1f67609127df975cccd02c497-1024x530.jpg\" alt=\"\" class=\"wp-image-1903\" style=\"border-width:1px\" srcset=\"https:\/\/www.pinjaauer.com\/wp-content\/uploads\/2024\/12\/ee1d49e1f67609127df975cccd02c497-1024x530.jpg 1024w, https:\/\/www.pinjaauer.com\/wp-content\/uploads\/2024\/12\/ee1d49e1f67609127df975cccd02c497-300x155.jpg 300w, https:\/\/www.pinjaauer.com\/wp-content\/uploads\/2024\/12\/ee1d49e1f67609127df975cccd02c497-768x397.jpg 768w, https:\/\/www.pinjaauer.com\/wp-content\/uploads\/2024\/12\/ee1d49e1f67609127df975cccd02c497-1536x795.jpg 1536w, https:\/\/www.pinjaauer.com\/wp-content\/uploads\/2024\/12\/ee1d49e1f67609127df975cccd02c497-2048x1060.jpg 2048w\" sizes=\"auto, (max-width: 1024px) 100vw, 1024px\" \/><\/figure>\n<\/figure>\n<\/div><\/div>","protected":false},"excerpt":{"rendered":"<p>Sattva Projects Oy Verkkosivuston uudistusprojekti Sattva Projects Oy on yritys, joka tarjoaa projektinhallintapalveluita liittyen energiantuotanto-, kaivos-, teollisuus- ja infrastruktuuriprojekteihin. Yrityksell\u00e4 oli jo verkkosivut olemassa, mutta ne kaipasivat uudistusta. Laurea-ammattikorkeakoulun Mediaelementtien suunnittelu ja toteutus -kurssilla syksyll\u00e4 2024 tarjottiin t\u00e4t\u00e4 projektia, jonka min\u00e4 ja kaksi opiskelijakollegaani p\u00e4\u00e4timme ottaa. Uudet verkkosivut toteutettiin WordPressilla, ja kaikki muokkaukset tehtiin WordPressin [&hellip;]<\/p>\n","protected":false},"author":1,"featured_media":0,"parent":0,"menu_order":0,"comment_status":"closed","ping_status":"closed","template":"","meta":{"_uag_custom_page_level_css":"","site-sidebar-layout":"default","site-content-layout":"","ast-site-content-layout":"default","site-content-style":"default","site-sidebar-style":"default","ast-global-header-display":"","ast-banner-title-visibility":"","ast-main-header-display":"","ast-hfb-above-header-display":"","ast-hfb-below-header-display":"","ast-hfb-mobile-header-display":"","site-post-title":"disabled","ast-breadcrumbs-content":"","ast-featured-img":"","footer-sml-layout":"","ast-disable-related-posts":"","theme-transparent-header-meta":"","adv-header-id-meta":"","stick-header-meta":"","header-above-stick-meta":"","header-main-stick-meta":"","header-below-stick-meta":"","astra-migrate-meta-layouts":"set","ast-page-background-enabled":"default","ast-page-background-meta":{"desktop":{"background-color":"","background-image":"","background-repeat":"repeat","background-position":"center center","background-size":"auto","background-attachment":"scroll","background-type":"","background-media":"","overlay-type":"","overlay-color":"","overlay-opacity":"","overlay-gradient":""},"tablet":{"background-color":"","background-image":"","background-repeat":"repeat","background-position":"center center","background-size":"auto","background-attachment":"scroll","background-type":"","background-media":"","overlay-type":"","overlay-color":"","overlay-opacity":"","overlay-gradient":""},"mobile":{"background-color":"","background-image":"","background-repeat":"repeat","background-position":"center center","background-size":"auto","background-attachment":"scroll","background-type":"","background-media":"","overlay-type":"","overlay-color":"","overlay-opacity":"","overlay-gradient":""}},"ast-content-background-meta":{"desktop":{"background-color":"var(--ast-global-color-5)","background-image":"","background-repeat":"repeat","background-position":"center center","background-size":"auto","background-attachment":"scroll","background-type":"","background-media":"","overlay-type":"","overlay-color":"","overlay-opacity":"","overlay-gradient":""},"tablet":{"background-color":"var(--ast-global-color-5)","background-image":"","background-repeat":"repeat","background-position":"center center","background-size":"auto","background-attachment":"scroll","background-type":"","background-media":"","overlay-type":"","overlay-color":"","overlay-opacity":"","overlay-gradient":""},"mobile":{"background-color":"var(--ast-global-color-5)","background-image":"","background-repeat":"repeat","background-position":"center center","background-size":"auto","background-attachment":"scroll","background-type":"","background-media":"","overlay-type":"","overlay-color":"","overlay-opacity":"","overlay-gradient":""}},"footnotes":""},"class_list":["post-1681","page","type-page","status-publish","hentry"],"uagb_featured_image_src":{"full":false,"thumbnail":false,"medium":false,"medium_large":false,"large":false,"1536x1536":false,"2048x2048":false,"trp-custom-language-flag":false},"uagb_author_info":{"display_name":"admin","author_link":"https:\/\/www.pinjaauer.com\/en\/author\/admin\/"},"uagb_comment_info":0,"uagb_excerpt":"Sattva Projects Oy Verkkosivuston uudistusprojekti Sattva Projects Oy on yritys, joka tarjoaa projektinhallintapalveluita liittyen energiantuotanto-, kaivos-, teollisuus- ja infrastruktuuriprojekteihin. Yrityksell\u00e4 oli jo verkkosivut olemassa, mutta ne kaipasivat uudistusta. Laurea-ammattikorkeakoulun Mediaelementtien suunnittelu ja toteutus -kurssilla syksyll\u00e4 2024 tarjottiin t\u00e4t\u00e4 projektia, jonka min\u00e4 ja kaksi opiskelijakollegaani p\u00e4\u00e4timme ottaa. Uudet verkkosivut toteutettiin WordPressilla, ja kaikki muokkaukset tehtiin WordPressin&hellip;","_links":{"self":[{"href":"https:\/\/www.pinjaauer.com\/en\/wp-json\/wp\/v2\/pages\/1681","targetHints":{"allow":["GET"]}}],"collection":[{"href":"https:\/\/www.pinjaauer.com\/en\/wp-json\/wp\/v2\/pages"}],"about":[{"href":"https:\/\/www.pinjaauer.com\/en\/wp-json\/wp\/v2\/types\/page"}],"author":[{"embeddable":true,"href":"https:\/\/www.pinjaauer.com\/en\/wp-json\/wp\/v2\/users\/1"}],"replies":[{"embeddable":true,"href":"https:\/\/www.pinjaauer.com\/en\/wp-json\/wp\/v2\/comments?post=1681"}],"version-history":[{"count":12,"href":"https:\/\/www.pinjaauer.com\/en\/wp-json\/wp\/v2\/pages\/1681\/revisions"}],"predecessor-version":[{"id":1943,"href":"https:\/\/www.pinjaauer.com\/en\/wp-json\/wp\/v2\/pages\/1681\/revisions\/1943"}],"wp:attachment":[{"href":"https:\/\/www.pinjaauer.com\/en\/wp-json\/wp\/v2\/media?parent=1681"}],"curies":[{"name":"wp","href":"https:\/\/api.w.org\/{rel}","templated":true}]}}