{"id":1661,"date":"2024-12-22T18:15:55","date_gmt":"2024-12-22T18:15:55","guid":{"rendered":"http:\/\/www.pinjaauer.com\/?page_id=1661"},"modified":"2024-12-28T15:39:39","modified_gmt":"2024-12-28T15:39:39","slug":"jutta-schniderin-kauppalista","status":"publish","type":"page","link":"https:\/\/www.pinjaauer.com\/en\/jutta-schniderin-kauppalista\/","title":{"rendered":"Jutta Schneider's Shopping List"},"content":{"rendered":"<div class=\"wp-block-uagb-container uagb-block-2db4f97c alignfull uagb-is-root-container\">\n<div class=\"wp-block-uagb-advanced-heading uagb-block-0133faff\"><h1 class=\"uagb-heading-text\">Jutta Schneider's Shopping List<\/h1><\/div>\n<\/div>\n\n\n\n<div class=\"wp-block-uagb-container uagb-block-03f4eb7e alignfull uagb-is-root-container\"><div class=\"uagb-container-inner-blocks-wrap\">\n<div class=\"wp-block-uagb-advanced-heading uagb-block-9816c583\"><h2 class=\"uagb-heading-text\">Milk, cheese, margarine, and, of course, some good Finnish bread<\/h2><\/div>\n\n\n\n<p>The first project of Laurea University of Applied Sciences' JavaScript course, albeit with a little twist. The idea was to make a simple JavaScript application, but my student partner and I decided to take inspiration from the video series called Kuulostaa hyv\u00e4lt\u00e4, which is a Finnish language teaching series that has become a meme. In the third episode of the series, the main character Jutta Schneider goes to the grocery store with her friend Anssi and starts listing the things they plan to buy.<\/p>\n\n\n\n<p>This app works in the same way as any shopping list, where you type the name of your planned item in the field, and by pressing a button it is added to the list, and you can cross out and remove things from the list when the shopping trip is done. This version is a bit more gamified, where the user has to watch the previously mentioned Kuulostaa hyv\u00e4lt\u00e4 episode 3, and listen carefully to what things Jutta buys. These things are then entered into the shopping list, and an audio clip from the episode is played for correct answers.<\/p>\n\n\n\n<div class=\"wp-block-buttons is-layout-flex wp-block-buttons-is-layout-flex\">\n<div class=\"wp-block-button\"><a class=\"wp-block-button__link wp-element-button\" href=\"https:\/\/jutta-schneiderin-kauppalista.netlify.app\" target=\"_blank\" rel=\"noreferrer noopener\">Jutta Schneider's Shopping List - Published app (finnish)<\/a><\/div>\n\n\n\n<div class=\"wp-block-button\"><a class=\"wp-block-button__link wp-element-button\" href=\"https:\/\/github.com\/AuerPinja\/juttaschneider_kauppalista\" target=\"_blank\" rel=\"noreferrer noopener\">Jutta Schneider's Shopping List - GitHub<\/a><\/div>\n\n\n\n<div class=\"wp-block-button\"><a class=\"wp-block-button__link wp-element-button\" href=\"https:\/\/www.youtube.com\/watch?v=b1vymlh6LpE\" target=\"_blank\" rel=\"noreferrer noopener\">Demo Video (finnish)<\/a><\/div>\n<\/div>\n<\/div><\/div>","protected":false},"excerpt":{"rendered":"<p>Jutta Schneiderin kauppalista Maitoa, juustoa, margariinia, ja tietysti hyv\u00e4\u00e4 suomalaista leip\u00e4\u00e4 Laurea-ammattikorkeakoulun JavaScript-kurssin ensimm\u00e4inen projekti, tosin pienell\u00e4 twistill\u00e4. Oli ajatuksena tehd\u00e4 jokin yksinkertainen JavaScript-sovellus, mutta min\u00e4 ja opiskelijakollegani p\u00e4\u00e4timme ottaa inspiraatiota videosarjasta nimelt\u00e4 Kuulostaa hyv\u00e4lt\u00e4, joka on meemimaineeseen noussut suomen kielen opetukseen tarkoitettu sarja. Sarjan kolmannessa jaksossa p\u00e4\u00e4henkil\u00f6 Jutta Schneider menee yst\u00e4v\u00e4ns\u00e4 Anssin kanssa kauppaan, [&hellip;]<\/p>\n","protected":false},"author":1,"featured_media":0,"parent":0,"menu_order":0,"comment_status":"closed","ping_status":"closed","template":"","meta":{"_uag_custom_page_level_css":"","site-sidebar-layout":"default","site-content-layout":"","ast-site-content-layout":"default","site-content-style":"default","site-sidebar-style":"default","ast-global-header-display":"","ast-banner-title-visibility":"","ast-main-header-display":"","ast-hfb-above-header-display":"","ast-hfb-below-header-display":"","ast-hfb-mobile-header-display":"","site-post-title":"disabled","ast-breadcrumbs-content":"","ast-featured-img":"","footer-sml-layout":"","ast-disable-related-posts":"","theme-transparent-header-meta":"","adv-header-id-meta":"","stick-header-meta":"","header-above-stick-meta":"","header-main-stick-meta":"","header-below-stick-meta":"","astra-migrate-meta-layouts":"set","ast-page-background-enabled":"default","ast-page-background-meta":{"desktop":{"background-color":"","background-image":"","background-repeat":"repeat","background-position":"center center","background-size":"auto","background-attachment":"scroll","background-type":"","background-media":"","overlay-type":"","overlay-color":"","overlay-opacity":"","overlay-gradient":""},"tablet":{"background-color":"","background-image":"","background-repeat":"repeat","background-position":"center center","background-size":"auto","background-attachment":"scroll","background-type":"","background-media":"","overlay-type":"","overlay-color":"","overlay-opacity":"","overlay-gradient":""},"mobile":{"background-color":"","background-image":"","background-repeat":"repeat","background-position":"center center","background-size":"auto","background-attachment":"scroll","background-type":"","background-media":"","overlay-type":"","overlay-color":"","overlay-opacity":"","overlay-gradient":""}},"ast-content-background-meta":{"desktop":{"background-color":"var(--ast-global-color-5)","background-image":"","background-repeat":"repeat","background-position":"center center","background-size":"auto","background-attachment":"scroll","background-type":"","background-media":"","overlay-type":"","overlay-color":"","overlay-opacity":"","overlay-gradient":""},"tablet":{"background-color":"var(--ast-global-color-5)","background-image":"","background-repeat":"repeat","background-position":"center center","background-size":"auto","background-attachment":"scroll","background-type":"","background-media":"","overlay-type":"","overlay-color":"","overlay-opacity":"","overlay-gradient":""},"mobile":{"background-color":"var(--ast-global-color-5)","background-image":"","background-repeat":"repeat","background-position":"center center","background-size":"auto","background-attachment":"scroll","background-type":"","background-media":"","overlay-type":"","overlay-color":"","overlay-opacity":"","overlay-gradient":""}},"footnotes":""},"class_list":["post-1661","page","type-page","status-publish","hentry"],"uagb_featured_image_src":{"full":false,"thumbnail":false,"medium":false,"medium_large":false,"large":false,"1536x1536":false,"2048x2048":false,"trp-custom-language-flag":false},"uagb_author_info":{"display_name":"admin","author_link":"https:\/\/www.pinjaauer.com\/en\/author\/admin\/"},"uagb_comment_info":0,"uagb_excerpt":"Jutta Schneiderin kauppalista Maitoa, juustoa, margariinia, ja tietysti hyv\u00e4\u00e4 suomalaista leip\u00e4\u00e4 Laurea-ammattikorkeakoulun JavaScript-kurssin ensimm\u00e4inen projekti, tosin pienell\u00e4 twistill\u00e4. Oli ajatuksena tehd\u00e4 jokin yksinkertainen JavaScript-sovellus, mutta min\u00e4 ja opiskelijakollegani p\u00e4\u00e4timme ottaa inspiraatiota videosarjasta nimelt\u00e4 Kuulostaa hyv\u00e4lt\u00e4, joka on meemimaineeseen noussut suomen kielen opetukseen tarkoitettu sarja. Sarjan kolmannessa jaksossa p\u00e4\u00e4henkil\u00f6 Jutta Schneider menee yst\u00e4v\u00e4ns\u00e4 Anssin kanssa kauppaan,&hellip;","_links":{"self":[{"href":"https:\/\/www.pinjaauer.com\/en\/wp-json\/wp\/v2\/pages\/1661","targetHints":{"allow":["GET"]}}],"collection":[{"href":"https:\/\/www.pinjaauer.com\/en\/wp-json\/wp\/v2\/pages"}],"about":[{"href":"https:\/\/www.pinjaauer.com\/en\/wp-json\/wp\/v2\/types\/page"}],"author":[{"embeddable":true,"href":"https:\/\/www.pinjaauer.com\/en\/wp-json\/wp\/v2\/users\/1"}],"replies":[{"embeddable":true,"href":"https:\/\/www.pinjaauer.com\/en\/wp-json\/wp\/v2\/comments?post=1661"}],"version-history":[{"count":7,"href":"https:\/\/www.pinjaauer.com\/en\/wp-json\/wp\/v2\/pages\/1661\/revisions"}],"predecessor-version":[{"id":1869,"href":"https:\/\/www.pinjaauer.com\/en\/wp-json\/wp\/v2\/pages\/1661\/revisions\/1869"}],"wp:attachment":[{"href":"https:\/\/www.pinjaauer.com\/en\/wp-json\/wp\/v2\/media?parent=1661"}],"curies":[{"name":"wp","href":"https:\/\/api.w.org\/{rel}","templated":true}]}}