{"id":1659,"date":"2024-12-22T18:15:38","date_gmt":"2024-12-22T18:15:38","guid":{"rendered":"http:\/\/www.pinjaauer.com\/?page_id=1659"},"modified":"2024-12-28T19:49:58","modified_gmt":"2024-12-28T19:49:58","slug":"osty-app","status":"publish","type":"page","link":"https:\/\/www.pinjaauer.com\/en\/osty-app\/","title":{"rendered":"OSTY App"},"content":{"rendered":"<div class=\"wp-block-uagb-container uagb-block-2db4f97c alignfull uagb-is-root-container\">\n<div class=\"wp-block-uagb-advanced-heading uagb-block-0133faff\"><h1 class=\"uagb-heading-text\">OSTY App<\/h1><\/div>\n<\/div>\n\n\n\n<div class=\"wp-block-uagb-container uagb-block-03f4eb7e alignfull uagb-is-root-container\"><div class=\"uagb-container-inner-blocks-wrap\">\n<div class=\"wp-block-uagb-advanced-heading uagb-block-9816c583\"><h2 class=\"uagb-heading-text\">More innovative job seeking<\/h2><\/div>\n\n\n\n<p>The Employment of Partially Able People (OSTY) is a project that aims to raise awareness of the employment challenges of partially able-bodied people. The original assignment from them was a way to gamify the purpose of this project. However, my student partner and I were inspired to develop a completely new concept for job searching, in which the skills and needs of both the job seeker and the employer would play a major role, and the right combination of these could have a long-term employment impact.<\/p>\n\n\n\n<p>The purpose of this application is to be the easiest, fastest and simplest way to apply for a job, without any kind of application clicking. The user would just create a profile, make choices about their skills and working methods through a form, and then they would be shown the jobs that best match their choices. The same would work the other way around; the employer could also use their own profile to search for employees who are suitable for their own needs. A job application or interview request would be sent by simply pressing the like button.<\/p>\n\n\n\n<p>The application is developed with React, and the database is Google Firebase. This prototype version does not have any kind of login system, but the user can still simulate the job search of the original idea of \u200b\u200bthe application by selecting the most suitable options from the form, and the application then returns the most suitable companies from the database, and shows in percentage how much it matches the user's selections. The application also has a heart-shaped like button for each displayed company, although it currently only opens a notification in the browser. You can also directly add synthetic companies to the database with this version of the app.<\/p>\n\n\n\n<div class=\"wp-block-buttons is-layout-flex wp-block-buttons-is-layout-flex\">\n<div class=\"wp-block-button\"><a class=\"wp-block-button__link wp-element-button\" href=\"https:\/\/osty.netlify.app\" target=\"_blank\" rel=\"noreferrer noopener\">OSTY App - Published app (finnish)<\/a><\/div>\n\n\n\n<div class=\"wp-block-button\"><a class=\"wp-block-button__link wp-element-button\" href=\"https:\/\/github.com\/AuerPinja\/OSTY_App\" target=\"_blank\" rel=\"noreferrer noopener\">OSTY App &#8211; GitHub<\/a><\/div>\n\n\n\n<div class=\"wp-block-button\"><a class=\"wp-block-button__link wp-element-button\" href=\"https:\/\/www.youtube.com\/watch?v=-M0TVoLaWh4\" target=\"_blank\" rel=\"noreferrer noopener\">Demo video (finnish)<\/a><\/div>\n\n\n\n<div class=\"wp-block-button\"><a class=\"wp-block-button__link wp-element-button\" href=\"https:\/\/www.youtube.com\/watch?v=RnLjKfLzZRs\" target=\"_blank\" rel=\"noreferrer noopener\">Pitch Presentation (finnish)<\/a><\/div>\n\n\n\n<div class=\"wp-block-button\"><a class=\"wp-block-button__link wp-element-button\" href=\"https:\/\/www.figma.com\/proto\/bcV8sbDEt4uX4G0oxXxZ1K\/OSTY?node-id=1-2&amp;starting-point-node-id=1%3A2\" target=\"_blank\" rel=\"noreferrer noopener\">Figma Lo-Fi Prototype<\/a><\/div>\n<\/div>\n<\/div><\/div>","protected":false},"excerpt":{"rendered":"<p>OSTY App Innovatiivisempaa ty\u00f6nhakua Osaty\u00f6kykyisten ty\u00f6llist\u00e4minen eli OSTY on hanke, joka pyrkii lis\u00e4\u00e4m\u00e4\u00e4n tietoisuutta osaty\u00f6kykyisten ty\u00f6llisyyshaasteista. Alkuper\u00e4inen toimeksianto heilt\u00e4 oli jonkunlainen keino pelillist\u00e4\u00e4 t\u00e4m\u00e4n hankkeen tarkoitus. Min\u00e4 ja opiskelijakollegani kuitenkin innostuimme kehitt\u00e4m\u00e4\u00e4n kokonaan uudenlaisen konseptin ty\u00f6nhakuun, jossa p\u00e4\u00e4osassa olisi sek\u00e4 ty\u00f6nhakijan ett\u00e4 ty\u00f6nantajan osaaminen ja tarpeet, joiden oikeanlaisella yhdist\u00e4misell\u00e4 voisi olla pitk\u00e4aikainen ty\u00f6llist\u00e4v\u00e4 vaikutus. T\u00e4m\u00e4n [&hellip;]<\/p>\n","protected":false},"author":1,"featured_media":0,"parent":0,"menu_order":0,"comment_status":"closed","ping_status":"closed","template":"","meta":{"_uag_custom_page_level_css":"","site-sidebar-layout":"default","site-content-layout":"","ast-site-content-layout":"default","site-content-style":"default","site-sidebar-style":"default","ast-global-header-display":"","ast-banner-title-visibility":"","ast-main-header-display":"","ast-hfb-above-header-display":"","ast-hfb-below-header-display":"","ast-hfb-mobile-header-display":"","site-post-title":"disabled","ast-breadcrumbs-content":"","ast-featured-img":"","footer-sml-layout":"","ast-disable-related-posts":"","theme-transparent-header-meta":"","adv-header-id-meta":"","stick-header-meta":"","header-above-stick-meta":"","header-main-stick-meta":"","header-below-stick-meta":"","astra-migrate-meta-layouts":"set","ast-page-background-enabled":"default","ast-page-background-meta":{"desktop":{"background-color":"","background-image":"","background-repeat":"repeat","background-position":"center center","background-size":"auto","background-attachment":"scroll","background-type":"","background-media":"","overlay-type":"","overlay-color":"","overlay-opacity":"","overlay-gradient":""},"tablet":{"background-color":"","background-image":"","background-repeat":"repeat","background-position":"center center","background-size":"auto","background-attachment":"scroll","background-type":"","background-media":"","overlay-type":"","overlay-color":"","overlay-opacity":"","overlay-gradient":""},"mobile":{"background-color":"","background-image":"","background-repeat":"repeat","background-position":"center center","background-size":"auto","background-attachment":"scroll","background-type":"","background-media":"","overlay-type":"","overlay-color":"","overlay-opacity":"","overlay-gradient":""}},"ast-content-background-meta":{"desktop":{"background-color":"var(--ast-global-color-5)","background-image":"","background-repeat":"repeat","background-position":"center center","background-size":"auto","background-attachment":"scroll","background-type":"","background-media":"","overlay-type":"","overlay-color":"","overlay-opacity":"","overlay-gradient":""},"tablet":{"background-color":"var(--ast-global-color-5)","background-image":"","background-repeat":"repeat","background-position":"center center","background-size":"auto","background-attachment":"scroll","background-type":"","background-media":"","overlay-type":"","overlay-color":"","overlay-opacity":"","overlay-gradient":""},"mobile":{"background-color":"var(--ast-global-color-5)","background-image":"","background-repeat":"repeat","background-position":"center center","background-size":"auto","background-attachment":"scroll","background-type":"","background-media":"","overlay-type":"","overlay-color":"","overlay-opacity":"","overlay-gradient":""}},"footnotes":""},"class_list":["post-1659","page","type-page","status-publish","hentry"],"uagb_featured_image_src":{"full":false,"thumbnail":false,"medium":false,"medium_large":false,"large":false,"1536x1536":false,"2048x2048":false,"trp-custom-language-flag":false},"uagb_author_info":{"display_name":"admin","author_link":"https:\/\/www.pinjaauer.com\/en\/author\/admin\/"},"uagb_comment_info":0,"uagb_excerpt":"OSTY App Innovatiivisempaa ty\u00f6nhakua Osaty\u00f6kykyisten ty\u00f6llist\u00e4minen eli OSTY on hanke, joka pyrkii lis\u00e4\u00e4m\u00e4\u00e4n tietoisuutta osaty\u00f6kykyisten ty\u00f6llisyyshaasteista. Alkuper\u00e4inen toimeksianto heilt\u00e4 oli jonkunlainen keino pelillist\u00e4\u00e4 t\u00e4m\u00e4n hankkeen tarkoitus. Min\u00e4 ja opiskelijakollegani kuitenkin innostuimme kehitt\u00e4m\u00e4\u00e4n kokonaan uudenlaisen konseptin ty\u00f6nhakuun, jossa p\u00e4\u00e4osassa olisi sek\u00e4 ty\u00f6nhakijan ett\u00e4 ty\u00f6nantajan osaaminen ja tarpeet, joiden oikeanlaisella yhdist\u00e4misell\u00e4 voisi olla pitk\u00e4aikainen ty\u00f6llist\u00e4v\u00e4 vaikutus. T\u00e4m\u00e4n&hellip;","_links":{"self":[{"href":"https:\/\/www.pinjaauer.com\/en\/wp-json\/wp\/v2\/pages\/1659","targetHints":{"allow":["GET"]}}],"collection":[{"href":"https:\/\/www.pinjaauer.com\/en\/wp-json\/wp\/v2\/pages"}],"about":[{"href":"https:\/\/www.pinjaauer.com\/en\/wp-json\/wp\/v2\/types\/page"}],"author":[{"embeddable":true,"href":"https:\/\/www.pinjaauer.com\/en\/wp-json\/wp\/v2\/users\/1"}],"replies":[{"embeddable":true,"href":"https:\/\/www.pinjaauer.com\/en\/wp-json\/wp\/v2\/comments?post=1659"}],"version-history":[{"count":6,"href":"https:\/\/www.pinjaauer.com\/en\/wp-json\/wp\/v2\/pages\/1659\/revisions"}],"predecessor-version":[{"id":1916,"href":"https:\/\/www.pinjaauer.com\/en\/wp-json\/wp\/v2\/pages\/1659\/revisions\/1916"}],"wp:attachment":[{"href":"https:\/\/www.pinjaauer.com\/en\/wp-json\/wp\/v2\/media?parent=1659"}],"curies":[{"name":"wp","href":"https:\/\/api.w.org\/{rel}","templated":true}]}}