{"id":1655,"date":"2024-12-22T18:14:24","date_gmt":"2024-12-22T18:14:24","guid":{"rendered":"http:\/\/www.pinjaauer.com\/?page_id=1655"},"modified":"2024-12-28T13:59:22","modified_gmt":"2024-12-28T13:59:22","slug":"mobius-book-creator","status":"publish","type":"page","link":"https:\/\/www.pinjaauer.com\/en\/mobius-book-creator\/","title":{"rendered":"Mobius Book Creator"},"content":{"rendered":"<div class=\"wp-block-uagb-container uagb-block-2db4f97c alignfull uagb-is-root-container\">\n<div class=\"wp-block-uagb-advanced-heading uagb-block-0133faff\"><h1 class=\"uagb-heading-text\">Mobius Book Creator<\/h1><\/div>\n<\/div>\n\n\n\n<div class=\"wp-block-uagb-container uagb-block-03f4eb7e alignfull uagb-is-root-container\"><div class=\"uagb-container-inner-blocks-wrap\">\n<div class=\"wp-block-uagb-advanced-heading uagb-block-9816c583\"><h2 class=\"uagb-heading-text\">Developing the usability of the M\u00f6bius application<\/h2><\/div>\n\n\n\n<p>M\u00f6bius Book Creator is part of the M\u00f6bius project, which aims to make the literature and publishing industry more modern. Book Creator is an application where users can freely read, write and publish their own literature. Laurea University of Applied Sciences participated in the user testing of Book Creator.<\/p>\n\n\n\n<p>Me and two other students set out to explore the usability of Book Creator by participating in user testing of the application. During the user testing, each of us explored the page independently and wrote notes about our observations. We then compiled our observations and created a total of three user personas based on them. We also created an empathy map, an user journey map, and a collection of problem statements. Based on these, we started thinking about solutions using the Crazy Eights method, and we picked the best ideas to present.<\/p>\n\n\n\n<div class=\"wp-block-buttons is-layout-flex wp-block-buttons-is-layout-flex\">\n<div class=\"wp-block-button\"><a class=\"wp-block-button__link wp-element-button\" href=\"https:\/\/mobiuscreator.wordpress.com\" style=\"border-radius:25px\" target=\"_blank\" rel=\"noreferrer noopener\">The full report (finnish) <\/a><\/div>\n<\/div>\n<\/div><\/div>","protected":false},"excerpt":{"rendered":"<p>M\u00f6bius Book Creator M\u00f6bius-sovelluksen k\u00e4ytett\u00e4vyyden kehitt\u00e4minen M\u00f6bius Book Creator on osa M\u00f6bius-projektia, jolla pyrit\u00e4\u00e4n tekem\u00e4\u00e4n kirjallisuus- ja kustannusalasta modernimpi. Book Creator on sovellus, jossa k\u00e4ytt\u00e4j\u00e4t voisivat vapaasti lukea, kirjoittaa ja julkaista omaa kirjallisuutta. Laurea-ammattikorkeakoulu osallistui Book Creatorin k\u00e4ytt\u00e4j\u00e4testaukseen. Min\u00e4 ja kaksi muuta opiskelijakollegaa l\u00e4hdimme tutkimaan Book Creatorin k\u00e4ytett\u00e4vyytt\u00e4 osallistumalla sovelluksen k\u00e4ytt\u00e4j\u00e4testaukseen. K\u00e4ytt\u00e4j\u00e4testauksen aikana jokainen meist\u00e4 [&hellip;]<\/p>\n","protected":false},"author":1,"featured_media":0,"parent":0,"menu_order":0,"comment_status":"closed","ping_status":"closed","template":"","meta":{"_uag_custom_page_level_css":"","site-sidebar-layout":"default","site-content-layout":"","ast-site-content-layout":"default","site-content-style":"default","site-sidebar-style":"default","ast-global-header-display":"","ast-banner-title-visibility":"","ast-main-header-display":"","ast-hfb-above-header-display":"","ast-hfb-below-header-display":"","ast-hfb-mobile-header-display":"","site-post-title":"disabled","ast-breadcrumbs-content":"","ast-featured-img":"","footer-sml-layout":"","ast-disable-related-posts":"","theme-transparent-header-meta":"","adv-header-id-meta":"","stick-header-meta":"","header-above-stick-meta":"","header-main-stick-meta":"","header-below-stick-meta":"","astra-migrate-meta-layouts":"set","ast-page-background-enabled":"default","ast-page-background-meta":{"desktop":{"background-color":"","background-image":"","background-repeat":"repeat","background-position":"center center","background-size":"auto","background-attachment":"scroll","background-type":"","background-media":"","overlay-type":"","overlay-color":"","overlay-opacity":"","overlay-gradient":""},"tablet":{"background-color":"","background-image":"","background-repeat":"repeat","background-position":"center center","background-size":"auto","background-attachment":"scroll","background-type":"","background-media":"","overlay-type":"","overlay-color":"","overlay-opacity":"","overlay-gradient":""},"mobile":{"background-color":"","background-image":"","background-repeat":"repeat","background-position":"center center","background-size":"auto","background-attachment":"scroll","background-type":"","background-media":"","overlay-type":"","overlay-color":"","overlay-opacity":"","overlay-gradient":""}},"ast-content-background-meta":{"desktop":{"background-color":"var(--ast-global-color-5)","background-image":"","background-repeat":"repeat","background-position":"center center","background-size":"auto","background-attachment":"scroll","background-type":"","background-media":"","overlay-type":"","overlay-color":"","overlay-opacity":"","overlay-gradient":""},"tablet":{"background-color":"var(--ast-global-color-5)","background-image":"","background-repeat":"repeat","background-position":"center center","background-size":"auto","background-attachment":"scroll","background-type":"","background-media":"","overlay-type":"","overlay-color":"","overlay-opacity":"","overlay-gradient":""},"mobile":{"background-color":"var(--ast-global-color-5)","background-image":"","background-repeat":"repeat","background-position":"center center","background-size":"auto","background-attachment":"scroll","background-type":"","background-media":"","overlay-type":"","overlay-color":"","overlay-opacity":"","overlay-gradient":""}},"footnotes":""},"class_list":["post-1655","page","type-page","status-publish","hentry"],"uagb_featured_image_src":{"full":false,"thumbnail":false,"medium":false,"medium_large":false,"large":false,"1536x1536":false,"2048x2048":false,"trp-custom-language-flag":false},"uagb_author_info":{"display_name":"admin","author_link":"https:\/\/www.pinjaauer.com\/en\/author\/admin\/"},"uagb_comment_info":0,"uagb_excerpt":"M\u00f6bius Book Creator M\u00f6bius-sovelluksen k\u00e4ytett\u00e4vyyden kehitt\u00e4minen M\u00f6bius Book Creator on osa M\u00f6bius-projektia, jolla pyrit\u00e4\u00e4n tekem\u00e4\u00e4n kirjallisuus- ja kustannusalasta modernimpi. Book Creator on sovellus, jossa k\u00e4ytt\u00e4j\u00e4t voisivat vapaasti lukea, kirjoittaa ja julkaista omaa kirjallisuutta. Laurea-ammattikorkeakoulu osallistui Book Creatorin k\u00e4ytt\u00e4j\u00e4testaukseen. Min\u00e4 ja kaksi muuta opiskelijakollegaa l\u00e4hdimme tutkimaan Book Creatorin k\u00e4ytett\u00e4vyytt\u00e4 osallistumalla sovelluksen k\u00e4ytt\u00e4j\u00e4testaukseen. K\u00e4ytt\u00e4j\u00e4testauksen aikana jokainen meist\u00e4&hellip;","_links":{"self":[{"href":"https:\/\/www.pinjaauer.com\/en\/wp-json\/wp\/v2\/pages\/1655","targetHints":{"allow":["GET"]}}],"collection":[{"href":"https:\/\/www.pinjaauer.com\/en\/wp-json\/wp\/v2\/pages"}],"about":[{"href":"https:\/\/www.pinjaauer.com\/en\/wp-json\/wp\/v2\/types\/page"}],"author":[{"embeddable":true,"href":"https:\/\/www.pinjaauer.com\/en\/wp-json\/wp\/v2\/users\/1"}],"replies":[{"embeddable":true,"href":"https:\/\/www.pinjaauer.com\/en\/wp-json\/wp\/v2\/comments?post=1655"}],"version-history":[{"count":7,"href":"https:\/\/www.pinjaauer.com\/en\/wp-json\/wp\/v2\/pages\/1655\/revisions"}],"predecessor-version":[{"id":1841,"href":"https:\/\/www.pinjaauer.com\/en\/wp-json\/wp\/v2\/pages\/1655\/revisions\/1841"}],"wp:attachment":[{"href":"https:\/\/www.pinjaauer.com\/en\/wp-json\/wp\/v2\/media?parent=1655"}],"curies":[{"name":"wp","href":"https:\/\/api.w.org\/{rel}","templated":true}]}}