{"id":1653,"date":"2024-12-22T18:14:05","date_gmt":"2024-12-22T18:14:05","guid":{"rendered":"http:\/\/www.pinjaauer.com\/?page_id=1653"},"modified":"2024-12-28T20:31:14","modified_gmt":"2024-12-28T20:31:14","slug":"tunnetaideterapia-ry","status":"publish","type":"page","link":"https:\/\/www.pinjaauer.com\/en\/tunnetaideterapia-ry\/","title":{"rendered":"Tunnetaideterapia ry"},"content":{"rendered":"<div class=\"wp-block-uagb-container uagb-block-2db4f97c alignfull uagb-is-root-container\">\n<div class=\"wp-block-uagb-advanced-heading uagb-block-0133faff\"><h1 class=\"uagb-heading-text\">Tunnetaideterapia ry<\/h1><\/div>\n<\/div>\n\n\n\n<div class=\"wp-block-uagb-container uagb-block-03f4eb7e alignfull uagb-is-root-container\"><div class=\"uagb-container-inner-blocks-wrap\">\n<div class=\"wp-block-uagb-advanced-heading uagb-block-9816c583\"><h2 class=\"uagb-heading-text\">Webpage prototype with Figma<\/h2><\/div>\n\n\n\n<p>Tunnetaideterapia ry is a professional membership association founded in 2021 for art therapy instructors and therapists who graduated from the Cairo Institute. Myself and two other student colleagues set out to create a website prototype for the Tunnetaideterapia ry. We used Figma as our tool, and we prototyped both the desktop and mobile versions.<\/p>\n\n\n\n<div class=\"wp-block-buttons is-layout-flex wp-block-buttons-is-layout-flex\">\n<div class=\"wp-block-button\"><a class=\"wp-block-button__link wp-element-button\" href=\"https:\/\/www.figma.com\/proto\/CIg8yUAG48xLoACdSJ98PH\/digimallinnus-final-project?node-id=81-2&amp;starting-point-node-id=81%3A2\" target=\"_blank\" rel=\"noreferrer noopener\">Desktop Hi-Fi Prototype<\/a><\/div>\n\n\n\n<div class=\"wp-block-button\"><a class=\"wp-block-button__link wp-element-button\" href=\"https:\/\/www.figma.com\/proto\/CIg8yUAG48xLoACdSJ98PH\/digimallinnus-final-project?node-id=140-263&amp;starting-point-node-id=140%3A263\" target=\"_blank\" rel=\"noreferrer noopener\">Mobile Hi-Fi Prototype<\/a><\/div>\n<\/div>\n<\/div><\/div>","protected":false},"excerpt":{"rendered":"<p>Tunnetaideterapia ry Verkkosivun prototyyppi Figmalla Tunnetaideterapia ry on vuonna 2021 perustettu ammatillinen j\u00e4senyhdistys Kairon Instituutista valmistuneille tunnetaideterapiaohjaajille ja tunnetaideterapeuteille. Min\u00e4 ja kaksi muuta opiskelijakollegaa l\u00e4hdimme tekem\u00e4\u00e4n Tunnetaideterapia ry:lle prototyyppi\u00e4 verkkosivuista. Ty\u00f6kaluina meill\u00e4 toimi Figma, ja teimme prototyypin sek\u00e4 ty\u00f6p\u00f6yt\u00e4- ett\u00e4 mobiiliversiosta.<\/p>","protected":false},"author":1,"featured_media":0,"parent":0,"menu_order":0,"comment_status":"closed","ping_status":"closed","template":"","meta":{"_uag_custom_page_level_css":"","site-sidebar-layout":"default","site-content-layout":"","ast-site-content-layout":"default","site-content-style":"default","site-sidebar-style":"default","ast-global-header-display":"","ast-banner-title-visibility":"","ast-main-header-display":"","ast-hfb-above-header-display":"","ast-hfb-below-header-display":"","ast-hfb-mobile-header-display":"","site-post-title":"disabled","ast-breadcrumbs-content":"","ast-featured-img":"","footer-sml-layout":"","ast-disable-related-posts":"","theme-transparent-header-meta":"","adv-header-id-meta":"","stick-header-meta":"","header-above-stick-meta":"","header-main-stick-meta":"","header-below-stick-meta":"","astra-migrate-meta-layouts":"set","ast-page-background-enabled":"default","ast-page-background-meta":{"desktop":{"background-color":"","background-image":"","background-repeat":"repeat","background-position":"center center","background-size":"auto","background-attachment":"scroll","background-type":"","background-media":"","overlay-type":"","overlay-color":"","overlay-opacity":"","overlay-gradient":""},"tablet":{"background-color":"","background-image":"","background-repeat":"repeat","background-position":"center center","background-size":"auto","background-attachment":"scroll","background-type":"","background-media":"","overlay-type":"","overlay-color":"","overlay-opacity":"","overlay-gradient":""},"mobile":{"background-color":"","background-image":"","background-repeat":"repeat","background-position":"center center","background-size":"auto","background-attachment":"scroll","background-type":"","background-media":"","overlay-type":"","overlay-color":"","overlay-opacity":"","overlay-gradient":""}},"ast-content-background-meta":{"desktop":{"background-color":"var(--ast-global-color-5)","background-image":"","background-repeat":"repeat","background-position":"center center","background-size":"auto","background-attachment":"scroll","background-type":"","background-media":"","overlay-type":"","overlay-color":"","overlay-opacity":"","overlay-gradient":""},"tablet":{"background-color":"var(--ast-global-color-5)","background-image":"","background-repeat":"repeat","background-position":"center center","background-size":"auto","background-attachment":"scroll","background-type":"","background-media":"","overlay-type":"","overlay-color":"","overlay-opacity":"","overlay-gradient":""},"mobile":{"background-color":"var(--ast-global-color-5)","background-image":"","background-repeat":"repeat","background-position":"center center","background-size":"auto","background-attachment":"scroll","background-type":"","background-media":"","overlay-type":"","overlay-color":"","overlay-opacity":"","overlay-gradient":""}},"footnotes":""},"class_list":["post-1653","page","type-page","status-publish","hentry"],"uagb_featured_image_src":{"full":false,"thumbnail":false,"medium":false,"medium_large":false,"large":false,"1536x1536":false,"2048x2048":false,"trp-custom-language-flag":false},"uagb_author_info":{"display_name":"admin","author_link":"https:\/\/www.pinjaauer.com\/en\/author\/admin\/"},"uagb_comment_info":0,"uagb_excerpt":"Tunnetaideterapia ry Verkkosivun prototyyppi Figmalla Tunnetaideterapia ry on vuonna 2021 perustettu ammatillinen j\u00e4senyhdistys Kairon Instituutista valmistuneille tunnetaideterapiaohjaajille ja tunnetaideterapeuteille. Min\u00e4 ja kaksi muuta opiskelijakollegaa l\u00e4hdimme tekem\u00e4\u00e4n Tunnetaideterapia ry:lle prototyyppi\u00e4 verkkosivuista. Ty\u00f6kaluina meill\u00e4 toimi Figma, ja teimme prototyypin sek\u00e4 ty\u00f6p\u00f6yt\u00e4- ett\u00e4 mobiiliversiosta.","_links":{"self":[{"href":"https:\/\/www.pinjaauer.com\/en\/wp-json\/wp\/v2\/pages\/1653","targetHints":{"allow":["GET"]}}],"collection":[{"href":"https:\/\/www.pinjaauer.com\/en\/wp-json\/wp\/v2\/pages"}],"about":[{"href":"https:\/\/www.pinjaauer.com\/en\/wp-json\/wp\/v2\/types\/page"}],"author":[{"embeddable":true,"href":"https:\/\/www.pinjaauer.com\/en\/wp-json\/wp\/v2\/users\/1"}],"replies":[{"embeddable":true,"href":"https:\/\/www.pinjaauer.com\/en\/wp-json\/wp\/v2\/comments?post=1653"}],"version-history":[{"count":5,"href":"https:\/\/www.pinjaauer.com\/en\/wp-json\/wp\/v2\/pages\/1653\/revisions"}],"predecessor-version":[{"id":1936,"href":"https:\/\/www.pinjaauer.com\/en\/wp-json\/wp\/v2\/pages\/1653\/revisions\/1936"}],"wp:attachment":[{"href":"https:\/\/www.pinjaauer.com\/en\/wp-json\/wp\/v2\/media?parent=1653"}],"curies":[{"name":"wp","href":"https:\/\/api.w.org\/{rel}","templated":true}]}}