{"id":1651,"date":"2024-12-22T18:13:51","date_gmt":"2024-12-22T18:13:51","guid":{"rendered":"http:\/\/www.pinjaauer.com\/?page_id=1651"},"modified":"2025-03-16T21:06:00","modified_gmt":"2025-03-16T21:06:00","slug":"kkv-kampus","status":"publish","type":"page","link":"https:\/\/www.pinjaauer.com\/en\/kkv-kampus\/","title":{"rendered":"Design Sprint: KKV Kampus"},"content":{"rendered":"<div class=\"wp-block-uagb-container uagb-block-2db4f97c alignfull uagb-is-root-container\">\n<div class=\"wp-block-uagb-advanced-heading uagb-block-0133faff\"><h1 class=\"uagb-heading-text\">Design Sprint: KKV Kampus<\/h1><\/div>\n<\/div>\n\n\n\n<div class=\"wp-block-uagb-container uagb-block-03f4eb7e alignfull uagb-is-root-container\"><div class=\"uagb-container-inner-blocks-wrap\">\n<div class=\"wp-block-uagb-advanced-heading uagb-block-9816c583\"><h2 class=\"uagb-heading-text\">Accessibility auditing for an online learning environment<\/h2><\/div>\n\n\n\n<p>KKV Kampus is a learning platform maintained by the Finnish Competition and Consumer Authority, where you can take online courses related to, among other things, the rights and obligations of consumers and sellers. The FCCA commissioned theses from Laurea University of Applied Sciences regarding the renewal of the KKV Kampus and improving usability and accessibility. These issues were examined during a week-long Design Sprint.<\/p>\n\n\n\n<p>Me and four other students set out to investigate the accessibility of KKV Kampus Osaamo through user testing and expert assessment based on the WGAC 2.1 accessibility criteria. Out of the four principles of accessibility, we decided to focus on preceivability and understandability.<\/p>\n\n\n\n<div class=\"wp-block-buttons is-layout-flex wp-block-buttons-is-layout-flex\">\n<div class=\"wp-block-button\"><a class=\"wp-block-button__link wp-element-button\" href=\"https:\/\/www.theseus.fi\/handle\/10024\/880372\" target=\"_blank\" rel=\"noreferrer noopener\">Published Thesis (finnish)<\/a><\/div>\n<\/div>\n\n\n\n<div class=\"wp-block-file has-ast-global-color-4-background-color has-background\" style=\"margin-top:0;margin-right:0;margin-bottom:0;margin-left:0;padding-top:var(--wp--preset--spacing--40);padding-right:var(--wp--preset--spacing--40);padding-bottom:var(--wp--preset--spacing--40);padding-left:var(--wp--preset--spacing--40)\"><a id=\"wp-block-file--media-74972c57-5e0a-4ea4-9693-4ad45ab71097\" href=\"http:\/\/www.pinjaauer.com\/wp-content\/uploads\/2024\/12\/KKV-Kampus-Prototyyppi-Pitch.pdf\" target=\"_blank\" rel=\"noreferrer noopener\">KKV Kampus Prototype + Pitch (finnish)<\/a><a href=\"http:\/\/www.pinjaauer.com\/wp-content\/uploads\/2024\/12\/KKV-Kampus-Prototyyppi-Pitch.pdf\" class=\"wp-block-file__button wp-element-button\" download aria-describedby=\"wp-block-file--media-74972c57-5e0a-4ea4-9693-4ad45ab71097\">Download slideshow<\/a><\/div>\n<\/div><\/div>\n\n\n\n<div class=\"wp-block-uagb-container uagb-block-15b33ccf alignfull uagb-is-root-container\"><div class=\"uagb-container-inner-blocks-wrap\">\n<div class=\"wp-block-uagb-advanced-heading uagb-block-1fe5f5c3\"><h3 class=\"uagb-heading-text\">Insights through expert assessment<\/h3><\/div>\n\n\n\n<p>In this case, we acted as experts ourselves, and we set out to test the features and appearance of the application. We used WCAG cards, where each criterion was on its own card and what the accessibility requirements were for different levels. In addition to the cards, we also used other tools to study accessibility, such as the WAVE plugin and the PageSpeed \u200b\u200bInsights service. <\/p>\n\n\n\n<p>We compiled all our accessibility-related observations, both positive and negative, on a Miro board. We then grouped our observations into different categories. <\/p>\n\n\n\n<div class=\"wp-block-columns is-layout-flex wp-container-core-columns-is-layout-28f84493 wp-block-columns-is-layout-flex\">\n<div class=\"wp-block-column is-layout-flow wp-block-column-is-layout-flow\">\n<div class=\"wp-block-uagb-image uagb-block-e43008c1 wp-block-uagb-image--layout-default wp-block-uagb-image--effect-static wp-block-uagb-image--align-none\"><figure class=\"wp-block-uagb-image__figure\"><a class=\"\" href=\"https:\/\/www.pinjaauer.com\/en\/kkv-kampus\/59bdcd8f9834016257c6f86e338ff1fe\/\" target=\"\" rel=\"noopener\"><img decoding=\"async\" srcset=\"https:\/\/www.pinjaauer.com\/wp-content\/uploads\/2024\/12\/59bdcd8f9834016257c6f86e338ff1fe-998x1024.png ,https:\/\/www.pinjaauer.com\/wp-content\/uploads\/2024\/12\/59bdcd8f9834016257c6f86e338ff1fe.png 780w, https:\/\/www.pinjaauer.com\/wp-content\/uploads\/2024\/12\/59bdcd8f9834016257c6f86e338ff1fe.png 360w\" sizes=\"auto, (max-width: 480px) 150px\" src=\"https:\/\/www.pinjaauer.com\/wp-content\/uploads\/2024\/12\/59bdcd8f9834016257c6f86e338ff1fe-998x1024.png\" alt=\"\" class=\"uag-image-1956\" width=\"998\" height=\"1024\" title=\"59bdcd8f9834016257c6f86e338ff1fe\" loading=\"lazy\" role=\"img\"\/><\/a><\/figure><\/div>\n<\/div>\n\n\n\n<div class=\"wp-block-column is-layout-flow wp-block-column-is-layout-flow\">\n<div class=\"wp-block-uagb-image uagb-block-54be4041 wp-block-uagb-image--layout-default wp-block-uagb-image--effect-static wp-block-uagb-image--align-none\"><figure class=\"wp-block-uagb-image__figure\"><a class=\"\" href=\"https:\/\/www.pinjaauer.com\/en\/kkv-kampus\/389ad058fc8f4c4b86216ef1b7ce2139\/\" target=\"\" rel=\"noopener\"><img decoding=\"async\" srcset=\"https:\/\/www.pinjaauer.com\/wp-content\/uploads\/2024\/12\/389ad058fc8f4c4b86216ef1b7ce2139-1024x998.png ,https:\/\/www.pinjaauer.com\/wp-content\/uploads\/2024\/12\/389ad058fc8f4c4b86216ef1b7ce2139.png 780w, https:\/\/www.pinjaauer.com\/wp-content\/uploads\/2024\/12\/389ad058fc8f4c4b86216ef1b7ce2139.png 360w\" sizes=\"auto, (max-width: 480px) 150px\" src=\"https:\/\/www.pinjaauer.com\/wp-content\/uploads\/2024\/12\/389ad058fc8f4c4b86216ef1b7ce2139-1024x998.png\" alt=\"\" class=\"uag-image-1957\" width=\"1249\" height=\"1217\" title=\"389ad058fc8f4c4b86216ef1b7ce2139\" loading=\"lazy\" role=\"img\"\/><\/a><\/figure><\/div>\n<\/div>\n<\/div>\n<\/div><\/div>\n\n\n\n<div class=\"wp-block-uagb-container uagb-block-232bb72e alignfull uagb-is-root-container\"><div class=\"uagb-container-inner-blocks-wrap\">\n<div class=\"wp-block-uagb-advanced-heading uagb-block-17f2b397\"><h3 class=\"uagb-heading-text\">Understanding through user testing<\/h3><\/div>\n\n\n\n<p>Based on the findings found during the expert assessment, we created a user test with a total of five tasks related to KKV Kampus features whose ease of use was not self-evident. The user test questions were as follows:<\/p>\n\n\n\n<ul class=\"wp-block-list\">\n<li>Change the language of the app from finnish to english<\/li>\n\n\n\n<li>Search the app for a course called \u201cBasic Seller Liability Course\u201d<\/li>\n\n\n\n<li>Zoom the resolution to 200% and try to find a page called \"Materials for teachers\"<\/li>\n\n\n\n<li>Find the course \u201cUnderstanding Choice Situations and Environments\u201d in the app and click to open the course. Find an image related to the consumer\u2019s purchasing path and read its content.<\/li>\n\n\n\n<li>Find a section in the app where you can get instructions on how to use the app<\/li>\n<\/ul>\n\n\n\n<p>We had two people as the subjects of the user testing: one teacher and one student. The testing was recorded, for which permission was also asked from the test subjects. The time spent on each task was also recorded. We informed the test subjects that the test results would only be used for working on the thesis, so out of respect for that, I will not share the exact results of the test here, but we did gain valuable insights from this user testing.<\/p>\n<\/div><\/div>\n\n\n\n<div class=\"wp-block-uagb-container uagb-block-9065c492 alignfull uagb-is-root-container\"><div class=\"uagb-container-inner-blocks-wrap\">\n<div class=\"wp-block-uagb-advanced-heading uagb-block-0a678b21\"><h3 class=\"uagb-heading-text\">From results to new ideas<\/h3><\/div>\n\n\n\n<p>Based on the results of the expert assessment and user testing, we started to consider on the Miro board what concrete improvement suggestions we could give to the KKV Kampus. Our suggestions focused mostly on the technical features of the application.<\/p>\n\n\n\n<div class=\"wp-block-uagb-image uagb-block-3b3e5083 wp-block-uagb-image--layout-default wp-block-uagb-image--effect-static wp-block-uagb-image--align-none\"><figure class=\"wp-block-uagb-image__figure\"><img decoding=\"async\" srcset=\"https:\/\/www.pinjaauer.com\/wp-content\/uploads\/2024\/12\/1461b7f9ab460014ba3abd70e043c8ae.png ,https:\/\/www.pinjaauer.com\/wp-content\/uploads\/2024\/12\/1461b7f9ab460014ba3abd70e043c8ae.png 780w, https:\/\/www.pinjaauer.com\/wp-content\/uploads\/2024\/12\/1461b7f9ab460014ba3abd70e043c8ae.png 360w\" sizes=\"auto, (max-width: 480px) 150px\" src=\"https:\/\/www.pinjaauer.com\/wp-content\/uploads\/2024\/12\/1461b7f9ab460014ba3abd70e043c8ae.png\" alt=\"\" class=\"uag-image-1959\" width=\"1249\" height=\"1217\" title=\"1461b7f9ab460014ba3abd70e043c8ae\" loading=\"lazy\" role=\"img\"\/><\/figure><\/div>\n<\/div><\/div>\n\n\n\n<div class=\"wp-block-uagb-container uagb-block-a9413a38 alignfull uagb-is-root-container\"><div class=\"uagb-container-inner-blocks-wrap\">\n<div class=\"wp-block-uagb-advanced-heading uagb-block-79dd75d6\"><h3 class=\"uagb-heading-text\">Prototype<\/h3><\/div>\n\n\n\n<p>We prototyped a collection of improvement suggestions for the KKV Kampus, which were presented along with the Pitch presentation. We illustrated our suggestions with screenshots and image edits, and showed which WCAG criterion each suggestion is based on. Below are screenshots of the suggestions that I made and illustrated.<\/p>\n\n\n\n<p>KKV was pleased with our findings and suggestions, and their developer partner Mediamaisteri was interested in our observations. They especially stressed on the importance of the applications mobile version's performance, and how they should improve on that immediately.<\/p>\n\n\n\n<div class=\"wp-block-columns is-layout-flex wp-container-core-columns-is-layout-28f84493 wp-block-columns-is-layout-flex\">\n<div class=\"wp-block-column is-layout-flow wp-block-column-is-layout-flow\">\n<figure data-wp-context=\"{&quot;imageId&quot;:&quot;69fc8ceaa1e91&quot;}\" data-wp-interactive=\"core\/image\" class=\"wp-block-image size-large wp-lightbox-container\"><img loading=\"lazy\" decoding=\"async\" width=\"1024\" height=\"576\" data-wp-class--hide=\"state.isContentHidden\" data-wp-class--show=\"state.isContentVisible\" data-wp-init=\"callbacks.setButtonStyles\" data-wp-on-async--click=\"actions.showLightbox\" data-wp-on-async--load=\"callbacks.setButtonStyles\" data-wp-on-async-window--resize=\"callbacks.setButtonStyles\" src=\"https:\/\/www.pinjaauer.com\/wp-content\/uploads\/2024\/12\/Dia9-1024x576.jpg\" alt=\"\" class=\"wp-image-1960\" srcset=\"https:\/\/www.pinjaauer.com\/wp-content\/uploads\/2024\/12\/Dia9-1024x576.jpg 1024w, https:\/\/www.pinjaauer.com\/wp-content\/uploads\/2024\/12\/Dia9-300x169.jpg 300w, https:\/\/www.pinjaauer.com\/wp-content\/uploads\/2024\/12\/Dia9-768x432.jpg 768w, https:\/\/www.pinjaauer.com\/wp-content\/uploads\/2024\/12\/Dia9.jpg 1280w\" sizes=\"auto, (max-width: 1024px) 100vw, 1024px\" \/><button\n\t\t\tclass=\"lightbox-trigger\"\n\t\t\ttype=\"button\"\n\t\t\taria-haspopup=\"dialog\"\n\t\t\taria-label=\"Enlarge\"\n\t\t\tdata-wp-init=\"callbacks.initTriggerButton\"\n\t\t\tdata-wp-on-async--click=\"actions.showLightbox\"\n\t\t\tdata-wp-style--right=\"state.imageButtonRight\"\n\t\t\tdata-wp-style--top=\"state.imageButtonTop\"\n\t\t>\n\t\t\t<svg xmlns=\"http:\/\/www.w3.org\/2000\/svg\" width=\"12\" height=\"12\" fill=\"none\" viewbox=\"0 0 12 12\">\n\t\t\t\t<path fill=\"#fff\" d=\"M2 0a2 2 0 0 0-2 2v2h1.5V2a.5.5 0 0 1 .5-.5h2V0H2Zm2 10.5H2a.5.5 0 0 1-.5-.5V8H0v2a2 2 0 0 0 2 2h2v-1.5ZM8 12v-1.5h2a.5.5 0 0 0 .5-.5V8H12v2a2 2 0 0 1-2 2H8Zm2-12a2 2 0 0 1 2 2v2h-1.5V2a.5.5 0 0 0-.5-.5H8V0h2Z\" \/>\n\t\t\t<\/svg>\n\t\t<\/button><\/figure>\n<\/div>\n\n\n\n<div class=\"wp-block-column is-layout-flow wp-block-column-is-layout-flow\">\n<figure data-wp-context=\"{&quot;imageId&quot;:&quot;69fc8ceaa2489&quot;}\" data-wp-interactive=\"core\/image\" class=\"wp-block-image size-large wp-lightbox-container\"><img loading=\"lazy\" decoding=\"async\" width=\"1024\" height=\"576\" data-wp-class--hide=\"state.isContentHidden\" data-wp-class--show=\"state.isContentVisible\" data-wp-init=\"callbacks.setButtonStyles\" data-wp-on-async--click=\"actions.showLightbox\" data-wp-on-async--load=\"callbacks.setButtonStyles\" data-wp-on-async-window--resize=\"callbacks.setButtonStyles\" src=\"https:\/\/www.pinjaauer.com\/wp-content\/uploads\/2024\/12\/Dia10-1024x576.jpg\" alt=\"\" class=\"wp-image-1961\" srcset=\"https:\/\/www.pinjaauer.com\/wp-content\/uploads\/2024\/12\/Dia10-1024x576.jpg 1024w, https:\/\/www.pinjaauer.com\/wp-content\/uploads\/2024\/12\/Dia10-300x169.jpg 300w, https:\/\/www.pinjaauer.com\/wp-content\/uploads\/2024\/12\/Dia10-768x432.jpg 768w, https:\/\/www.pinjaauer.com\/wp-content\/uploads\/2024\/12\/Dia10.jpg 1280w\" sizes=\"auto, (max-width: 1024px) 100vw, 1024px\" \/><button\n\t\t\tclass=\"lightbox-trigger\"\n\t\t\ttype=\"button\"\n\t\t\taria-haspopup=\"dialog\"\n\t\t\taria-label=\"Enlarge\"\n\t\t\tdata-wp-init=\"callbacks.initTriggerButton\"\n\t\t\tdata-wp-on-async--click=\"actions.showLightbox\"\n\t\t\tdata-wp-style--right=\"state.imageButtonRight\"\n\t\t\tdata-wp-style--top=\"state.imageButtonTop\"\n\t\t>\n\t\t\t<svg xmlns=\"http:\/\/www.w3.org\/2000\/svg\" width=\"12\" height=\"12\" fill=\"none\" viewbox=\"0 0 12 12\">\n\t\t\t\t<path fill=\"#fff\" d=\"M2 0a2 2 0 0 0-2 2v2h1.5V2a.5.5 0 0 1 .5-.5h2V0H2Zm2 10.5H2a.5.5 0 0 1-.5-.5V8H0v2a2 2 0 0 0 2 2h2v-1.5ZM8 12v-1.5h2a.5.5 0 0 0 .5-.5V8H12v2a2 2 0 0 1-2 2H8Zm2-12a2 2 0 0 1 2 2v2h-1.5V2a.5.5 0 0 0-.5-.5H8V0h2Z\" \/>\n\t\t\t<\/svg>\n\t\t<\/button><\/figure>\n<\/div>\n<\/div>\n\n\n\n<div class=\"wp-block-columns is-layout-flex wp-container-core-columns-is-layout-28f84493 wp-block-columns-is-layout-flex\">\n<div class=\"wp-block-column is-layout-flow wp-block-column-is-layout-flow\">\n<figure data-wp-context=\"{&quot;imageId&quot;:&quot;69fc8ceaa2bdd&quot;}\" data-wp-interactive=\"core\/image\" class=\"wp-block-image size-large wp-lightbox-container\"><img loading=\"lazy\" decoding=\"async\" width=\"1024\" height=\"576\" data-wp-class--hide=\"state.isContentHidden\" data-wp-class--show=\"state.isContentVisible\" data-wp-init=\"callbacks.setButtonStyles\" data-wp-on-async--click=\"actions.showLightbox\" data-wp-on-async--load=\"callbacks.setButtonStyles\" data-wp-on-async-window--resize=\"callbacks.setButtonStyles\" src=\"https:\/\/www.pinjaauer.com\/wp-content\/uploads\/2024\/12\/Dia14-1024x576.jpg\" alt=\"\" class=\"wp-image-1962\" srcset=\"https:\/\/www.pinjaauer.com\/wp-content\/uploads\/2024\/12\/Dia14-1024x576.jpg 1024w, https:\/\/www.pinjaauer.com\/wp-content\/uploads\/2024\/12\/Dia14-300x169.jpg 300w, https:\/\/www.pinjaauer.com\/wp-content\/uploads\/2024\/12\/Dia14-768x432.jpg 768w, https:\/\/www.pinjaauer.com\/wp-content\/uploads\/2024\/12\/Dia14.jpg 1280w\" sizes=\"auto, (max-width: 1024px) 100vw, 1024px\" \/><button\n\t\t\tclass=\"lightbox-trigger\"\n\t\t\ttype=\"button\"\n\t\t\taria-haspopup=\"dialog\"\n\t\t\taria-label=\"Enlarge\"\n\t\t\tdata-wp-init=\"callbacks.initTriggerButton\"\n\t\t\tdata-wp-on-async--click=\"actions.showLightbox\"\n\t\t\tdata-wp-style--right=\"state.imageButtonRight\"\n\t\t\tdata-wp-style--top=\"state.imageButtonTop\"\n\t\t>\n\t\t\t<svg xmlns=\"http:\/\/www.w3.org\/2000\/svg\" width=\"12\" height=\"12\" fill=\"none\" viewbox=\"0 0 12 12\">\n\t\t\t\t<path fill=\"#fff\" d=\"M2 0a2 2 0 0 0-2 2v2h1.5V2a.5.5 0 0 1 .5-.5h2V0H2Zm2 10.5H2a.5.5 0 0 1-.5-.5V8H0v2a2 2 0 0 0 2 2h2v-1.5ZM8 12v-1.5h2a.5.5 0 0 0 .5-.5V8H12v2a2 2 0 0 1-2 2H8Zm2-12a2 2 0 0 1 2 2v2h-1.5V2a.5.5 0 0 0-.5-.5H8V0h2Z\" \/>\n\t\t\t<\/svg>\n\t\t<\/button><\/figure>\n<\/div>\n\n\n\n<div class=\"wp-block-column is-layout-flow wp-block-column-is-layout-flow\">\n<figure data-wp-context=\"{&quot;imageId&quot;:&quot;69fc8ceaa3044&quot;}\" data-wp-interactive=\"core\/image\" class=\"wp-block-image size-large wp-lightbox-container\"><img loading=\"lazy\" decoding=\"async\" width=\"1024\" height=\"576\" data-wp-class--hide=\"state.isContentHidden\" data-wp-class--show=\"state.isContentVisible\" data-wp-init=\"callbacks.setButtonStyles\" data-wp-on-async--click=\"actions.showLightbox\" data-wp-on-async--load=\"callbacks.setButtonStyles\" data-wp-on-async-window--resize=\"callbacks.setButtonStyles\" src=\"https:\/\/www.pinjaauer.com\/wp-content\/uploads\/2024\/12\/Dia15-1024x576.jpg\" alt=\"\" class=\"wp-image-1963\" srcset=\"https:\/\/www.pinjaauer.com\/wp-content\/uploads\/2024\/12\/Dia15-1024x576.jpg 1024w, https:\/\/www.pinjaauer.com\/wp-content\/uploads\/2024\/12\/Dia15-300x169.jpg 300w, https:\/\/www.pinjaauer.com\/wp-content\/uploads\/2024\/12\/Dia15-768x432.jpg 768w, https:\/\/www.pinjaauer.com\/wp-content\/uploads\/2024\/12\/Dia15.jpg 1280w\" sizes=\"auto, (max-width: 1024px) 100vw, 1024px\" \/><button\n\t\t\tclass=\"lightbox-trigger\"\n\t\t\ttype=\"button\"\n\t\t\taria-haspopup=\"dialog\"\n\t\t\taria-label=\"Enlarge\"\n\t\t\tdata-wp-init=\"callbacks.initTriggerButton\"\n\t\t\tdata-wp-on-async--click=\"actions.showLightbox\"\n\t\t\tdata-wp-style--right=\"state.imageButtonRight\"\n\t\t\tdata-wp-style--top=\"state.imageButtonTop\"\n\t\t>\n\t\t\t<svg xmlns=\"http:\/\/www.w3.org\/2000\/svg\" width=\"12\" height=\"12\" fill=\"none\" viewbox=\"0 0 12 12\">\n\t\t\t\t<path fill=\"#fff\" d=\"M2 0a2 2 0 0 0-2 2v2h1.5V2a.5.5 0 0 1 .5-.5h2V0H2Zm2 10.5H2a.5.5 0 0 1-.5-.5V8H0v2a2 2 0 0 0 2 2h2v-1.5ZM8 12v-1.5h2a.5.5 0 0 0 .5-.5V8H12v2a2 2 0 0 1-2 2H8Zm2-12a2 2 0 0 1 2 2v2h-1.5V2a.5.5 0 0 0-.5-.5H8V0h2Z\" \/>\n\t\t\t<\/svg>\n\t\t<\/button><\/figure>\n<\/div>\n<\/div>\n<\/div><\/div>","protected":false},"excerpt":{"rendered":"<p>Design Sprint: KKV Kampus Saavutettavuuden tutkiminen KKV Kampus on Kilpailu- ja kuluttajaviraston yll\u00e4pit\u00e4m\u00e4 oppimisalusta, jossa voi k\u00e4yd\u00e4 verkkokursseja liittyen mm. kuluttajan ja myyj\u00e4n oikeuksiin ja velvollisuuksiin. KKV tilasi Laurea-ammattikorkeakoululta opinn\u00e4ytet\u00f6it\u00e4 liittyen KKV Kampuksen uudistukseen ja k\u00e4ytett\u00e4vyyden ja saavutettavuuden parantamiseen. N\u00e4it\u00e4 asioita tutkittiin viikon mittaisen Design Sprintin aikana. Min\u00e4 ja nelj\u00e4 muuta opiskelijakollegaani l\u00e4hdimme tutkimaan KKV [&hellip;]<\/p>\n","protected":false},"author":1,"featured_media":0,"parent":0,"menu_order":0,"comment_status":"closed","ping_status":"closed","template":"","meta":{"_uag_custom_page_level_css":"","site-sidebar-layout":"default","site-content-layout":"","ast-site-content-layout":"default","site-content-style":"default","site-sidebar-style":"default","ast-global-header-display":"","ast-banner-title-visibility":"","ast-main-header-display":"","ast-hfb-above-header-display":"","ast-hfb-below-header-display":"","ast-hfb-mobile-header-display":"","site-post-title":"disabled","ast-breadcrumbs-content":"","ast-featured-img":"","footer-sml-layout":"","ast-disable-related-posts":"","theme-transparent-header-meta":"","adv-header-id-meta":"","stick-header-meta":"","header-above-stick-meta":"","header-main-stick-meta":"","header-below-stick-meta":"","astra-migrate-meta-layouts":"set","ast-page-background-enabled":"default","ast-page-background-meta":{"desktop":{"background-color":"","background-image":"","background-repeat":"repeat","background-position":"center center","background-size":"auto","background-attachment":"scroll","background-type":"","background-media":"","overlay-type":"","overlay-color":"","overlay-opacity":"","overlay-gradient":""},"tablet":{"background-color":"","background-image":"","background-repeat":"repeat","background-position":"center center","background-size":"auto","background-attachment":"scroll","background-type":"","background-media":"","overlay-type":"","overlay-color":"","overlay-opacity":"","overlay-gradient":""},"mobile":{"background-color":"","background-image":"","background-repeat":"repeat","background-position":"center center","background-size":"auto","background-attachment":"scroll","background-type":"","background-media":"","overlay-type":"","overlay-color":"","overlay-opacity":"","overlay-gradient":""}},"ast-content-background-meta":{"desktop":{"background-color":"var(--ast-global-color-5)","background-image":"","background-repeat":"repeat","background-position":"center center","background-size":"auto","background-attachment":"scroll","background-type":"","background-media":"","overlay-type":"","overlay-color":"","overlay-opacity":"","overlay-gradient":""},"tablet":{"background-color":"var(--ast-global-color-5)","background-image":"","background-repeat":"repeat","background-position":"center center","background-size":"auto","background-attachment":"scroll","background-type":"","background-media":"","overlay-type":"","overlay-color":"","overlay-opacity":"","overlay-gradient":""},"mobile":{"background-color":"var(--ast-global-color-5)","background-image":"","background-repeat":"repeat","background-position":"center center","background-size":"auto","background-attachment":"scroll","background-type":"","background-media":"","overlay-type":"","overlay-color":"","overlay-opacity":"","overlay-gradient":""}},"footnotes":""},"class_list":["post-1651","page","type-page","status-publish","hentry"],"uagb_featured_image_src":{"full":false,"thumbnail":false,"medium":false,"medium_large":false,"large":false,"1536x1536":false,"2048x2048":false,"trp-custom-language-flag":false},"uagb_author_info":{"display_name":"admin","author_link":"https:\/\/www.pinjaauer.com\/en\/author\/admin\/"},"uagb_comment_info":0,"uagb_excerpt":"Design Sprint: KKV Kampus Saavutettavuuden tutkiminen KKV Kampus on Kilpailu- ja kuluttajaviraston yll\u00e4pit\u00e4m\u00e4 oppimisalusta, jossa voi k\u00e4yd\u00e4 verkkokursseja liittyen mm. kuluttajan ja myyj\u00e4n oikeuksiin ja velvollisuuksiin. KKV tilasi Laurea-ammattikorkeakoululta opinn\u00e4ytet\u00f6it\u00e4 liittyen KKV Kampuksen uudistukseen ja k\u00e4ytett\u00e4vyyden ja saavutettavuuden parantamiseen. N\u00e4it\u00e4 asioita tutkittiin viikon mittaisen Design Sprintin aikana. Min\u00e4 ja nelj\u00e4 muuta opiskelijakollegaani l\u00e4hdimme tutkimaan KKV&hellip;","_links":{"self":[{"href":"https:\/\/www.pinjaauer.com\/en\/wp-json\/wp\/v2\/pages\/1651","targetHints":{"allow":["GET"]}}],"collection":[{"href":"https:\/\/www.pinjaauer.com\/en\/wp-json\/wp\/v2\/pages"}],"about":[{"href":"https:\/\/www.pinjaauer.com\/en\/wp-json\/wp\/v2\/types\/page"}],"author":[{"embeddable":true,"href":"https:\/\/www.pinjaauer.com\/en\/wp-json\/wp\/v2\/users\/1"}],"replies":[{"embeddable":true,"href":"https:\/\/www.pinjaauer.com\/en\/wp-json\/wp\/v2\/comments?post=1651"}],"version-history":[{"count":12,"href":"https:\/\/www.pinjaauer.com\/en\/wp-json\/wp\/v2\/pages\/1651\/revisions"}],"predecessor-version":[{"id":2045,"href":"https:\/\/www.pinjaauer.com\/en\/wp-json\/wp\/v2\/pages\/1651\/revisions\/2045"}],"wp:attachment":[{"href":"https:\/\/www.pinjaauer.com\/en\/wp-json\/wp\/v2\/media?parent=1651"}],"curies":[{"name":"wp","href":"https:\/\/api.w.org\/{rel}","templated":true}]}}